{"id":3377,"date":"2025-07-02T14:35:05","date_gmt":"2025-07-02T14:35:05","guid":{"rendered":"https:\/\/skbutik.com\/?post_type=product&#038;p=3377"},"modified":"2026-04-13T05:28:38","modified_gmt":"2026-04-13T02:28:38","slug":"keten-takim-5","status":"publish","type":"product","link":"https:\/\/skbutik.com\/en\/product\/keten-takim-5\/","title":{"rendered":"KETEN TAKIM"},"content":{"rendered":"<p>Ketenin kendine has do\u011fal dokusu, tak\u0131ma sala\u015f ama bir o kadar da elegan bir hava kat\u0131yor. G\u00fcnd\u00fczden geceye, farkl\u0131 aksesuarlarla kolayca uyum sa\u011flayarak zahmetsiz bir \u015f\u0131kl\u0131k sunar.<\/p>","protected":false},"excerpt":{"rendered":"<p>Ketenin kendine has do\u011fal dokusu, tak\u0131ma sala\u015f ama bir o kadar da elegan bir hava kat\u0131yor. G\u00fcnd\u00fczden geceye, farkl\u0131 aksesuarlarla<\/p>","protected":false},"featured_media":3381,"comment_status":"open","ping_status":"closed","template":"","meta":[],"product_brand":[],"product_cat":[167],"product_tag":[],"class_list":{"0":"post-3377","1":"product","2":"type-product","3":"status-publish","4":"has-post-thumbnail","6":"product_cat-gunluk-siklik","7":"pa_beden-37","8":"pa_beden-38","10":"first","11":"instock","12":"sale","13":"taxable","14":"shipping-taxable","15":"purchasable","16":"product-type-variable"},"_links":{"self":[{"href":"https:\/\/skbutik.com\/en\/wp-json\/wp\/v2\/product\/3377","targetHints":{"allow":["GET"]}}],"collection":[{"href":"https:\/\/skbutik.com\/en\/wp-json\/wp\/v2\/product"}],"about":[{"href":"https:\/\/skbutik.com\/en\/wp-json\/wp\/v2\/types\/product"}],"replies":[{"embeddable":true,"href":"https:\/\/skbutik.com\/en\/wp-json\/wp\/v2\/comments?post=3377"}],"wp:featuredmedia":[{"embeddable":true,"href":"https:\/\/skbutik.com\/en\/wp-json\/wp\/v2\/media\/3381"}],"wp:attachment":[{"href":"https:\/\/skbutik.com\/en\/wp-json\/wp\/v2\/media?parent=3377"}],"wp:term":[{"taxonomy":"product_brand","embeddable":true,"href":"https:\/\/skbutik.com\/en\/wp-json\/wp\/v2\/product_brand?post=3377"},{"taxonomy":"product_cat","embeddable":true,"href":"https:\/\/skbutik.com\/en\/wp-json\/wp\/v2\/product_cat?post=3377"},{"taxonomy":"product_tag","embeddable":true,"href":"https:\/\/skbutik.com\/en\/wp-json\/wp\/v2\/product_tag?post=3377"}],"curies":[{"name":"wp","href":"https:\/\/api.w.org\/{rel}","templated":true}]}}