{"id":3357,"date":"2025-07-02T14:13:04","date_gmt":"2025-07-02T14:13:04","guid":{"rendered":"https:\/\/skbutik.com\/?post_type=product&#038;p=3357"},"modified":"2026-04-14T05:46:27","modified_gmt":"2026-04-14T02:46:27","slug":"elbise-krep-kumas","status":"publish","type":"product","link":"https:\/\/skbutik.com\/en\/product\/elbise-krep-kumas\/","title":{"rendered":"ELB\u0130SE KREP KUMA\u015e"},"content":{"rendered":"<p>Topuklu ayakkab\u0131lar ve \u015f\u0131k aksesuarlarla \u00f6zel davetlerde, babet veya sandaletlerle g\u00fcnl\u00fck \u015f\u0131kl\u0131\u011f\u0131n\u0131zda, hatta spor ayakkab\u0131larla modern ve sala\u015f bir tarzda kombinleyebilirsiniz.<\/p>","protected":false},"excerpt":{"rendered":"<p>Topuklu ayakkab\u0131lar ve \u015f\u0131k aksesuarlarla \u00f6zel davetlerde, babet veya sandaletlerle g\u00fcnl\u00fck \u015f\u0131kl\u0131\u011f\u0131n\u0131zda, hatta spor ayakkab\u0131larla modern ve sala\u015f bir tarzda<\/p>","protected":false},"featured_media":3358,"comment_status":"open","ping_status":"closed","template":"","meta":[],"product_brand":[],"product_cat":[167],"product_tag":[],"class_list":{"0":"post-3357","1":"product","2":"type-product","3":"status-publish","4":"has-post-thumbnail","6":"product_cat-gunluk-siklik","7":"pa_beden-37","8":"pa_beden-38","9":"pa_beden-39","10":"pa_beden-120","12":"first","13":"outofstock","14":"taxable","15":"shipping-taxable","16":"purchasable","17":"product-type-variable"},"_links":{"self":[{"href":"https:\/\/skbutik.com\/en\/wp-json\/wp\/v2\/product\/3357","targetHints":{"allow":["GET"]}}],"collection":[{"href":"https:\/\/skbutik.com\/en\/wp-json\/wp\/v2\/product"}],"about":[{"href":"https:\/\/skbutik.com\/en\/wp-json\/wp\/v2\/types\/product"}],"replies":[{"embeddable":true,"href":"https:\/\/skbutik.com\/en\/wp-json\/wp\/v2\/comments?post=3357"}],"wp:featuredmedia":[{"embeddable":true,"href":"https:\/\/skbutik.com\/en\/wp-json\/wp\/v2\/media\/3358"}],"wp:attachment":[{"href":"https:\/\/skbutik.com\/en\/wp-json\/wp\/v2\/media?parent=3357"}],"wp:term":[{"taxonomy":"product_brand","embeddable":true,"href":"https:\/\/skbutik.com\/en\/wp-json\/wp\/v2\/product_brand?post=3357"},{"taxonomy":"product_cat","embeddable":true,"href":"https:\/\/skbutik.com\/en\/wp-json\/wp\/v2\/product_cat?post=3357"},{"taxonomy":"product_tag","embeddable":true,"href":"https:\/\/skbutik.com\/en\/wp-json\/wp\/v2\/product_tag?post=3357"}],"curies":[{"name":"wp","href":"https:\/\/api.w.org\/{rel}","templated":true}]}}