{"id":3327,"date":"2025-07-02T13:23:47","date_gmt":"2025-07-02T13:23:47","guid":{"rendered":"https:\/\/skbutik.com\/?post_type=product&#038;p=3327"},"modified":"2026-04-12T18:57:02","modified_gmt":"2026-04-12T15:57:02","slug":"ital-ciceki-elbise","status":"publish","type":"product","link":"https:\/\/skbutik.com\/en\/product\/ital-ciceki-elbise\/","title":{"rendered":"\u0130TAL \u00c7\u0130\u00c7EK\u0130 ELB\u0130SE"},"content":{"rendered":"<p>Kolundaki hafif vol\u00fcm ve man\u015fet detay\u0131, elbiseye feminen ve trend bir hava katarken, hareket \u00f6zg\u00fcrl\u00fc\u011f\u00fcn\u00fcz\u00fc de k\u0131s\u0131tlamaz.<\/p>","protected":false},"excerpt":{"rendered":"<p>Kolundaki hafif vol\u00fcm ve man\u015fet detay\u0131, elbiseye feminen ve trend bir hava katarken, hareket \u00f6zg\u00fcrl\u00fc\u011f\u00fcn\u00fcz\u00fc de k\u0131s\u0131tlamaz.<\/p>","protected":false},"featured_media":3329,"comment_status":"open","ping_status":"closed","template":"","meta":[],"product_brand":[],"product_cat":[167],"product_tag":[],"class_list":{"0":"post-3327","1":"product","2":"type-product","3":"status-publish","4":"has-post-thumbnail","6":"product_cat-gunluk-siklik","7":"pa_beden-36-38","9":"first","10":"outofstock","11":"taxable","12":"shipping-taxable","13":"purchasable","14":"product-type-variable"},"_links":{"self":[{"href":"https:\/\/skbutik.com\/en\/wp-json\/wp\/v2\/product\/3327","targetHints":{"allow":["GET"]}}],"collection":[{"href":"https:\/\/skbutik.com\/en\/wp-json\/wp\/v2\/product"}],"about":[{"href":"https:\/\/skbutik.com\/en\/wp-json\/wp\/v2\/types\/product"}],"replies":[{"embeddable":true,"href":"https:\/\/skbutik.com\/en\/wp-json\/wp\/v2\/comments?post=3327"}],"wp:featuredmedia":[{"embeddable":true,"href":"https:\/\/skbutik.com\/en\/wp-json\/wp\/v2\/media\/3329"}],"wp:attachment":[{"href":"https:\/\/skbutik.com\/en\/wp-json\/wp\/v2\/media?parent=3327"}],"wp:term":[{"taxonomy":"product_brand","embeddable":true,"href":"https:\/\/skbutik.com\/en\/wp-json\/wp\/v2\/product_brand?post=3327"},{"taxonomy":"product_cat","embeddable":true,"href":"https:\/\/skbutik.com\/en\/wp-json\/wp\/v2\/product_cat?post=3327"},{"taxonomy":"product_tag","embeddable":true,"href":"https:\/\/skbutik.com\/en\/wp-json\/wp\/v2\/product_tag?post=3327"}],"curies":[{"name":"wp","href":"https:\/\/api.w.org\/{rel}","templated":true}]}}