{"id":3322,"date":"2025-07-02T13:17:33","date_gmt":"2025-07-02T13:17:33","guid":{"rendered":"https:\/\/skbutik.com\/?post_type=product&#038;p=3322"},"modified":"2026-04-14T05:50:15","modified_gmt":"2026-04-14T02:50:15","slug":"ital-cicekli-elbise-mavi","status":"publish","type":"product","link":"https:\/\/skbutik.com\/en\/product\/ital-cicekli-elbise-mavi\/","title":{"rendered":"\u0130TAL \u00c7\u0130\u00c7EKL\u0130 ELB\u0130SE MAV\u0130"},"content":{"rendered":"<p>\u00d6zenle se\u00e7ilmi\u015f kuma\u015f\u0131 ve titiz i\u015f\u00e7ili\u011fi ile uzun y\u0131llar gard\u0131robunuzun en g\u00f6zde par\u00e7alar\u0131ndan biri olmaya adayd\u0131r.<\/p>","protected":false},"excerpt":{"rendered":"<p>\u00d6zenle se\u00e7ilmi\u015f kuma\u015f\u0131 ve titiz i\u015f\u00e7ili\u011fi ile uzun y\u0131llar gard\u0131robunuzun en g\u00f6zde par\u00e7alar\u0131ndan biri olmaya adayd\u0131r.<\/p>","protected":false},"featured_media":3323,"comment_status":"open","ping_status":"closed","template":"","meta":[],"product_brand":[],"product_cat":[167],"product_tag":[],"class_list":{"0":"post-3322","1":"product","2":"type-product","3":"status-publish","4":"has-post-thumbnail","6":"product_cat-gunluk-siklik","7":"pa_beden-l","9":"first","10":"instock","11":"taxable","12":"shipping-taxable","13":"purchasable","14":"product-type-variable"},"_links":{"self":[{"href":"https:\/\/skbutik.com\/en\/wp-json\/wp\/v2\/product\/3322","targetHints":{"allow":["GET"]}}],"collection":[{"href":"https:\/\/skbutik.com\/en\/wp-json\/wp\/v2\/product"}],"about":[{"href":"https:\/\/skbutik.com\/en\/wp-json\/wp\/v2\/types\/product"}],"replies":[{"embeddable":true,"href":"https:\/\/skbutik.com\/en\/wp-json\/wp\/v2\/comments?post=3322"}],"wp:featuredmedia":[{"embeddable":true,"href":"https:\/\/skbutik.com\/en\/wp-json\/wp\/v2\/media\/3323"}],"wp:attachment":[{"href":"https:\/\/skbutik.com\/en\/wp-json\/wp\/v2\/media?parent=3322"}],"wp:term":[{"taxonomy":"product_brand","embeddable":true,"href":"https:\/\/skbutik.com\/en\/wp-json\/wp\/v2\/product_brand?post=3322"},{"taxonomy":"product_cat","embeddable":true,"href":"https:\/\/skbutik.com\/en\/wp-json\/wp\/v2\/product_cat?post=3322"},{"taxonomy":"product_tag","embeddable":true,"href":"https:\/\/skbutik.com\/en\/wp-json\/wp\/v2\/product_tag?post=3322"}],"curies":[{"name":"wp","href":"https:\/\/api.w.org\/{rel}","templated":true}]}}