{"id":3302,"date":"2025-07-01T08:54:27","date_gmt":"2025-07-01T08:54:27","guid":{"rendered":"https:\/\/skbutik.com\/?post_type=product&#038;p=3302"},"modified":"2026-03-26T17:50:38","modified_gmt":"2026-03-26T14:50:38","slug":"keten-kap-9112","status":"publish","type":"product","link":"https:\/\/skbutik.com\/en\/product\/keten-kap-9112\/","title":{"rendered":"KETEN KAP 9112"},"content":{"rendered":"<p><b>Zarifli\u011fi ve Rahatl\u0131\u011f\u0131 Bulu\u015fturan Tasar\u0131m!<\/b><\/p>\n<p>Bu uzun, modern elbise ile nereye giderseniz gidin t\u00fcm bak\u0131\u015flar\u0131 \u00fczerinize \u00e7ekin. <b>Koyu rengi<\/b> ve kuma\u015f\u0131ndaki \u00f6zel dokusu, size an\u0131nda sofistike bir hava katarken, g\u00f6\u011f\u00fcs b\u00f6lgesindeki <b>par\u0131lt\u0131l\u0131 cep detaylar\u0131<\/b> tasar\u0131ma dinamik bir \u0131\u015f\u0131lt\u0131 ekliyor. Ayr\u0131ca, ete\u011findeki <b>a\u011f detayl\u0131 \u015ferit<\/b> bu par\u00e7ay\u0131 tamamen e\u015fsiz k\u0131l\u0131yor. \u0130ster \u00f6zel bir davette ister \u015f\u0131k bir ak\u015fam yeme\u011finde, g\u00fcm\u00fc\u015f rengi topuklu ayakkab\u0131lar\u0131n\u0131zla kombinleyerek <b>zamans\u0131z ve \u00e7arp\u0131c\u0131 bir stil<\/b> olu\u015fturun.<\/p>","protected":false},"excerpt":{"rendered":"<p>Zarifli\u011fi ve Rahatl\u0131\u011f\u0131 Bulu\u015fturan Tasar\u0131m! Bu uzun, modern elbise ile nereye giderseniz gidin t\u00fcm bak\u0131\u015flar\u0131 \u00fczerinize \u00e7ekin. Koyu rengi ve<\/p>","protected":false},"featured_media":3806,"comment_status":"open","ping_status":"closed","template":"","meta":[],"product_brand":[],"product_cat":[167],"product_tag":[],"class_list":{"0":"post-3302","1":"product","2":"type-product","3":"status-publish","4":"has-post-thumbnail","6":"product_cat-gunluk-siklik","7":"pa_beden-37","8":"pa_beden-38","9":"pa_beden-39","11":"first","12":"instock","13":"taxable","14":"shipping-taxable","15":"purchasable","16":"product-type-variable"},"_links":{"self":[{"href":"https:\/\/skbutik.com\/en\/wp-json\/wp\/v2\/product\/3302","targetHints":{"allow":["GET"]}}],"collection":[{"href":"https:\/\/skbutik.com\/en\/wp-json\/wp\/v2\/product"}],"about":[{"href":"https:\/\/skbutik.com\/en\/wp-json\/wp\/v2\/types\/product"}],"replies":[{"embeddable":true,"href":"https:\/\/skbutik.com\/en\/wp-json\/wp\/v2\/comments?post=3302"}],"wp:featuredmedia":[{"embeddable":true,"href":"https:\/\/skbutik.com\/en\/wp-json\/wp\/v2\/media\/3806"}],"wp:attachment":[{"href":"https:\/\/skbutik.com\/en\/wp-json\/wp\/v2\/media?parent=3302"}],"wp:term":[{"taxonomy":"product_brand","embeddable":true,"href":"https:\/\/skbutik.com\/en\/wp-json\/wp\/v2\/product_brand?post=3302"},{"taxonomy":"product_cat","embeddable":true,"href":"https:\/\/skbutik.com\/en\/wp-json\/wp\/v2\/product_cat?post=3302"},{"taxonomy":"product_tag","embeddable":true,"href":"https:\/\/skbutik.com\/en\/wp-json\/wp\/v2\/product_tag?post=3302"}],"curies":[{"name":"wp","href":"https:\/\/api.w.org\/{rel}","templated":true}]}}