{"id":3275,"date":"2025-07-01T07:15:20","date_gmt":"2025-07-01T07:15:20","guid":{"rendered":"https:\/\/skbutik.com\/?post_type=product&#038;p=3275"},"modified":"2026-04-14T05:54:48","modified_gmt":"2026-04-14T02:54:48","slug":"ital-simli-takim-2","status":"publish","type":"product","link":"https:\/\/skbutik.com\/en\/product\/ital-simli-takim-2\/","title":{"rendered":"\u0130TAL S\u0130ML\u0130 TAKIM"},"content":{"rendered":"<p>Tak\u0131m\u0131 bir b\u00fct\u00fcn olarak kullanarak \u00f6zel davetlerde boy g\u00f6sterebilir, par\u00e7alar\u0131n\u0131 ayr\u0131 ayr\u0131 kombinleyerek farkl\u0131 \u015f\u0131k stiller yaratabilirsiniz. \u00dcst par\u00e7ay\u0131 bir jean ile, ete\u011fi ise sade bir bluzla giyebilirsiniz.<\/p>","protected":false},"excerpt":{"rendered":"<p>Tak\u0131m\u0131 bir b\u00fct\u00fcn olarak kullanarak \u00f6zel davetlerde boy g\u00f6sterebilir, par\u00e7alar\u0131n\u0131 ayr\u0131 ayr\u0131 kombinleyerek farkl\u0131 \u015f\u0131k stiller yaratabilirsiniz. \u00dcst par\u00e7ay\u0131 bir<\/p>","protected":false},"featured_media":3276,"comment_status":"open","ping_status":"closed","template":"","meta":[],"product_brand":[],"product_cat":[167],"product_tag":[],"class_list":{"0":"post-3275","1":"product","2":"type-product","3":"status-publish","4":"has-post-thumbnail","6":"product_cat-gunluk-siklik","7":"pa_beden-standart","9":"first","10":"instock","11":"taxable","12":"shipping-taxable","13":"purchasable","14":"product-type-variable"},"_links":{"self":[{"href":"https:\/\/skbutik.com\/en\/wp-json\/wp\/v2\/product\/3275","targetHints":{"allow":["GET"]}}],"collection":[{"href":"https:\/\/skbutik.com\/en\/wp-json\/wp\/v2\/product"}],"about":[{"href":"https:\/\/skbutik.com\/en\/wp-json\/wp\/v2\/types\/product"}],"replies":[{"embeddable":true,"href":"https:\/\/skbutik.com\/en\/wp-json\/wp\/v2\/comments?post=3275"}],"wp:featuredmedia":[{"embeddable":true,"href":"https:\/\/skbutik.com\/en\/wp-json\/wp\/v2\/media\/3276"}],"wp:attachment":[{"href":"https:\/\/skbutik.com\/en\/wp-json\/wp\/v2\/media?parent=3275"}],"wp:term":[{"taxonomy":"product_brand","embeddable":true,"href":"https:\/\/skbutik.com\/en\/wp-json\/wp\/v2\/product_brand?post=3275"},{"taxonomy":"product_cat","embeddable":true,"href":"https:\/\/skbutik.com\/en\/wp-json\/wp\/v2\/product_cat?post=3275"},{"taxonomy":"product_tag","embeddable":true,"href":"https:\/\/skbutik.com\/en\/wp-json\/wp\/v2\/product_tag?post=3275"}],"curies":[{"name":"wp","href":"https:\/\/api.w.org\/{rel}","templated":true}]}}