{"id":3250,"date":"2025-06-30T11:29:09","date_gmt":"2025-06-30T11:29:09","guid":{"rendered":"https:\/\/skbutik.com\/?post_type=product&#038;p=3250"},"modified":"2026-04-14T05:53:32","modified_gmt":"2026-04-14T02:53:32","slug":"ital-ipek-saten-elbise","status":"publish","type":"product","link":"https:\/\/skbutik.com\/en\/product\/ital-ipek-saten-elbise\/","title":{"rendered":"\u0130TAL \u0130PEK SATEN ELB\u0130SE"},"content":{"rendered":"<p>Hafif ve ipeksi dokusuyla teninizde adeta bir r\u00fcya gibi s\u00fcz\u00fcl\u00fcr. Parlak saten biti\u015fi, elbiseye asil ve sofistike bir hava katarak \u00f6zel anlar\u0131n\u0131z i\u00e7in m\u00fckemmel bir se\u00e7im olmas\u0131n\u0131 sa\u011flar.<\/p>","protected":false},"excerpt":{"rendered":"<p>Hafif ve ipeksi dokusuyla teninizde adeta bir r\u00fcya gibi s\u00fcz\u00fcl\u00fcr. Parlak saten biti\u015fi, elbiseye asil ve sofistike bir hava katarak<\/p>","protected":false},"featured_media":3251,"comment_status":"open","ping_status":"closed","template":"","meta":[],"product_brand":[],"product_cat":[167],"product_tag":[],"class_list":{"0":"post-3250","1":"product","2":"type-product","3":"status-publish","4":"has-post-thumbnail","6":"product_cat-gunluk-siklik","7":"pa_beden-standart","9":"first","10":"instock","11":"taxable","12":"shipping-taxable","13":"purchasable","14":"product-type-variable"},"_links":{"self":[{"href":"https:\/\/skbutik.com\/en\/wp-json\/wp\/v2\/product\/3250","targetHints":{"allow":["GET"]}}],"collection":[{"href":"https:\/\/skbutik.com\/en\/wp-json\/wp\/v2\/product"}],"about":[{"href":"https:\/\/skbutik.com\/en\/wp-json\/wp\/v2\/types\/product"}],"replies":[{"embeddable":true,"href":"https:\/\/skbutik.com\/en\/wp-json\/wp\/v2\/comments?post=3250"}],"wp:featuredmedia":[{"embeddable":true,"href":"https:\/\/skbutik.com\/en\/wp-json\/wp\/v2\/media\/3251"}],"wp:attachment":[{"href":"https:\/\/skbutik.com\/en\/wp-json\/wp\/v2\/media?parent=3250"}],"wp:term":[{"taxonomy":"product_brand","embeddable":true,"href":"https:\/\/skbutik.com\/en\/wp-json\/wp\/v2\/product_brand?post=3250"},{"taxonomy":"product_cat","embeddable":true,"href":"https:\/\/skbutik.com\/en\/wp-json\/wp\/v2\/product_cat?post=3250"},{"taxonomy":"product_tag","embeddable":true,"href":"https:\/\/skbutik.com\/en\/wp-json\/wp\/v2\/product_tag?post=3250"}],"curies":[{"name":"wp","href":"https:\/\/api.w.org\/{rel}","templated":true}]}}