{"id":3233,"date":"2025-06-30T10:45:57","date_gmt":"2025-06-30T10:45:57","guid":{"rendered":"https:\/\/skbutik.com\/?post_type=product&#038;p=3233"},"modified":"2026-04-13T05:25:18","modified_gmt":"2026-04-13T02:25:18","slug":"ital-ipek-gomlek-elbise-mavi","status":"publish","type":"product","link":"https:\/\/skbutik.com\/en\/product\/ital-ipek-gomlek-elbise-mavi\/","title":{"rendered":"\u0130TAL \u0130PEK G\u00d6MLEK ELB\u0130SE MAV\u0130"},"content":{"rendered":"<p><b>Zarafet ve L\u00fcks\u00fcn Dokunu\u015fu: SK Butik \u0130tal \u0130pek Elbise<\/b><\/p>\n<p>SK Butik&#8217;in \u00f6zel koleksiyonundan \u0130tal \u0130pek Elbise ile zarafetin ve l\u00fcks\u00fcn keyfini \u00e7\u0131kar\u0131n! Bu e\u015fsiz par\u00e7a, ak\u0131c\u0131 ipek kuma\u015f\u0131 ve g\u00f6z al\u0131c\u0131 deseniyle her ad\u0131mda fark yaratman\u0131z i\u00e7in tasarla<\/p>","protected":false},"excerpt":{"rendered":"<p>Zarafet ve L\u00fcks\u00fcn Dokunu\u015fu: SK Butik \u0130tal \u0130pek Elbise SK Butik&#8217;in \u00f6zel koleksiyonundan \u0130tal \u0130pek Elbise ile zarafetin ve l\u00fcks\u00fcn<\/p>","protected":false},"featured_media":3234,"comment_status":"open","ping_status":"closed","template":"","meta":[],"product_brand":[],"product_cat":[167],"product_tag":[],"class_list":{"0":"post-3233","1":"product","2":"type-product","3":"status-publish","4":"has-post-thumbnail","6":"product_cat-gunluk-siklik","7":"pa_beden-standart","9":"first","10":"instock","11":"taxable","12":"shipping-taxable","13":"purchasable","14":"product-type-variable"},"_links":{"self":[{"href":"https:\/\/skbutik.com\/en\/wp-json\/wp\/v2\/product\/3233","targetHints":{"allow":["GET"]}}],"collection":[{"href":"https:\/\/skbutik.com\/en\/wp-json\/wp\/v2\/product"}],"about":[{"href":"https:\/\/skbutik.com\/en\/wp-json\/wp\/v2\/types\/product"}],"replies":[{"embeddable":true,"href":"https:\/\/skbutik.com\/en\/wp-json\/wp\/v2\/comments?post=3233"}],"wp:featuredmedia":[{"embeddable":true,"href":"https:\/\/skbutik.com\/en\/wp-json\/wp\/v2\/media\/3234"}],"wp:attachment":[{"href":"https:\/\/skbutik.com\/en\/wp-json\/wp\/v2\/media?parent=3233"}],"wp:term":[{"taxonomy":"product_brand","embeddable":true,"href":"https:\/\/skbutik.com\/en\/wp-json\/wp\/v2\/product_brand?post=3233"},{"taxonomy":"product_cat","embeddable":true,"href":"https:\/\/skbutik.com\/en\/wp-json\/wp\/v2\/product_cat?post=3233"},{"taxonomy":"product_tag","embeddable":true,"href":"https:\/\/skbutik.com\/en\/wp-json\/wp\/v2\/product_tag?post=3233"}],"curies":[{"name":"wp","href":"https:\/\/api.w.org\/{rel}","templated":true}]}}