{"id":3219,"date":"2025-06-30T09:58:48","date_gmt":"2025-06-30T09:58:48","guid":{"rendered":"https:\/\/skbutik.com\/?post_type=product&#038;p=3219"},"modified":"2026-03-26T17:42:26","modified_gmt":"2026-03-26T14:42:26","slug":"gomlek-elbise-mavi","status":"publish","type":"product","link":"https:\/\/skbutik.com\/en\/product\/gomlek-elbise-mavi\/","title":{"rendered":"G\u00d6MLEK ELB\u0130SE MAV\u0130"},"content":{"rendered":"<p>G\u00f6mlek yaka detay\u0131, \u00f6n\u00fc d\u00fc\u011fmeli yap\u0131s\u0131 ve ak\u0131c\u0131 kuma\u015f\u0131yla hem klasik hem de modern bir g\u00f6r\u00fcn\u00fcm sunar. Omuz detay\u0131ndaki f\u0131rf\u0131r, elbiseye feminen ve sofistike bir hava kat\u0131yor.<\/p>","protected":false},"excerpt":{"rendered":"<p>G\u00f6mlek yaka detay\u0131, \u00f6n\u00fc d\u00fc\u011fmeli yap\u0131s\u0131 ve ak\u0131c\u0131 kuma\u015f\u0131yla hem klasik hem de modern bir g\u00f6r\u00fcn\u00fcm sunar. Omuz detay\u0131ndaki f\u0131rf\u0131r,<\/p>","protected":false},"featured_media":3220,"comment_status":"open","ping_status":"closed","template":"","meta":[],"product_brand":[],"product_cat":[167],"product_tag":[],"class_list":{"0":"post-3219","1":"product","2":"type-product","3":"status-publish","4":"has-post-thumbnail","6":"product_cat-gunluk-siklik","7":"pa_beden-38","8":"pa_beden-39","10":"first","11":"outofstock","12":"sale","13":"taxable","14":"shipping-taxable","15":"purchasable","16":"product-type-variable"},"_links":{"self":[{"href":"https:\/\/skbutik.com\/en\/wp-json\/wp\/v2\/product\/3219","targetHints":{"allow":["GET"]}}],"collection":[{"href":"https:\/\/skbutik.com\/en\/wp-json\/wp\/v2\/product"}],"about":[{"href":"https:\/\/skbutik.com\/en\/wp-json\/wp\/v2\/types\/product"}],"replies":[{"embeddable":true,"href":"https:\/\/skbutik.com\/en\/wp-json\/wp\/v2\/comments?post=3219"}],"wp:featuredmedia":[{"embeddable":true,"href":"https:\/\/skbutik.com\/en\/wp-json\/wp\/v2\/media\/3220"}],"wp:attachment":[{"href":"https:\/\/skbutik.com\/en\/wp-json\/wp\/v2\/media?parent=3219"}],"wp:term":[{"taxonomy":"product_brand","embeddable":true,"href":"https:\/\/skbutik.com\/en\/wp-json\/wp\/v2\/product_brand?post=3219"},{"taxonomy":"product_cat","embeddable":true,"href":"https:\/\/skbutik.com\/en\/wp-json\/wp\/v2\/product_cat?post=3219"},{"taxonomy":"product_tag","embeddable":true,"href":"https:\/\/skbutik.com\/en\/wp-json\/wp\/v2\/product_tag?post=3219"}],"curies":[{"name":"wp","href":"https:\/\/api.w.org\/{rel}","templated":true}]}}