{"id":3187,"date":"2025-06-30T08:22:18","date_gmt":"2025-06-30T08:22:18","guid":{"rendered":"https:\/\/skbutik.com\/?post_type=product&#038;p=3187"},"modified":"2026-04-14T05:49:55","modified_gmt":"2026-04-14T02:49:55","slug":"ipek-saten-omzu-broslu-elbise","status":"publish","type":"product","link":"https:\/\/skbutik.com\/en\/product\/ipek-saten-omzu-broslu-elbise\/","title":{"rendered":"\u0130PEK SATEN OMZU BRO\u015eLU ELB\u0130SE"},"content":{"rendered":"<p>SK Butik&#8217;in omzu bro\u015flu siyah uzun elbisesiyle zarafeti ve modern dokunu\u015flar\u0131 bir arada ya\u015fay\u0131n!<\/p>\n<p>Bu \u00f6zel tasar\u0131m, siyah\u0131n asil duru\u015funu omuzlardaki zarif bro\u015f detay\u0131yla birle\u015ftirerek bamba\u015fka bir boyut kazand\u0131r\u0131yor. Elbisenin \u00fczerindeki hafif desenler ve ak\u0131c\u0131 kuma\u015f\u0131, her ad\u0131mda size e\u015flik eden bir \u015f\u0131kl\u0131k sunuyor.<\/p>","protected":false},"excerpt":{"rendered":"<p>SK Butik&#8217;in omzu bro\u015flu siyah uzun elbisesiyle zarafeti ve modern dokunu\u015flar\u0131 bir arada ya\u015fay\u0131n! Bu \u00f6zel tasar\u0131m, siyah\u0131n asil duru\u015funu<\/p>","protected":false},"featured_media":3188,"comment_status":"open","ping_status":"closed","template":"","meta":[],"product_brand":[],"product_cat":[167],"product_tag":[],"class_list":{"0":"post-3187","1":"product","2":"type-product","3":"status-publish","4":"has-post-thumbnail","6":"product_cat-gunluk-siklik","7":"pa_beden-38","8":"pa_beden-39","10":"first","11":"instock","12":"taxable","13":"shipping-taxable","14":"purchasable","15":"product-type-variable"},"_links":{"self":[{"href":"https:\/\/skbutik.com\/en\/wp-json\/wp\/v2\/product\/3187","targetHints":{"allow":["GET"]}}],"collection":[{"href":"https:\/\/skbutik.com\/en\/wp-json\/wp\/v2\/product"}],"about":[{"href":"https:\/\/skbutik.com\/en\/wp-json\/wp\/v2\/types\/product"}],"replies":[{"embeddable":true,"href":"https:\/\/skbutik.com\/en\/wp-json\/wp\/v2\/comments?post=3187"}],"wp:featuredmedia":[{"embeddable":true,"href":"https:\/\/skbutik.com\/en\/wp-json\/wp\/v2\/media\/3188"}],"wp:attachment":[{"href":"https:\/\/skbutik.com\/en\/wp-json\/wp\/v2\/media?parent=3187"}],"wp:term":[{"taxonomy":"product_brand","embeddable":true,"href":"https:\/\/skbutik.com\/en\/wp-json\/wp\/v2\/product_brand?post=3187"},{"taxonomy":"product_cat","embeddable":true,"href":"https:\/\/skbutik.com\/en\/wp-json\/wp\/v2\/product_cat?post=3187"},{"taxonomy":"product_tag","embeddable":true,"href":"https:\/\/skbutik.com\/en\/wp-json\/wp\/v2\/product_tag?post=3187"}],"curies":[{"name":"wp","href":"https:\/\/api.w.org\/{rel}","templated":true}]}}