{"id":3178,"date":"2025-06-30T07:59:06","date_gmt":"2025-06-30T07:59:06","guid":{"rendered":"https:\/\/skbutik.com\/?post_type=product&#038;p=3178"},"modified":"2026-03-24T16:41:23","modified_gmt":"2026-03-24T13:41:23","slug":"3178","status":"publish","type":"product","link":"https:\/\/skbutik.com\/en\/product\/3178\/","title":{"rendered":"\u0130PEK SATEN ELB\u0130SE"},"content":{"rendered":"<p>Kuma\u015f\u0131n\u0131n kalitesi sayesinde g\u00fcn boyu konfor sa\u011flarken, \u015f\u0131kl\u0131\u011f\u0131n\u0131zdan da \u00f6d\u00fcn vermeyeceksiniz.<\/p>","protected":false},"excerpt":{"rendered":"<p>Kuma\u015f\u0131n\u0131n kalitesi sayesinde g\u00fcn boyu konfor sa\u011flarken, \u015f\u0131kl\u0131\u011f\u0131n\u0131zdan da \u00f6d\u00fcn vermeyeceksiniz.<\/p>","protected":false},"featured_media":3180,"comment_status":"open","ping_status":"closed","template":"","meta":[],"product_brand":[],"product_cat":[167],"product_tag":[],"class_list":{"0":"post-3178","1":"product","2":"type-product","3":"status-publish","4":"has-post-thumbnail","6":"product_cat-gunluk-siklik","7":"pa_beden-37","8":"pa_beden-39","10":"first","11":"instock","12":"taxable","13":"shipping-taxable","14":"purchasable","15":"product-type-variable"},"_links":{"self":[{"href":"https:\/\/skbutik.com\/en\/wp-json\/wp\/v2\/product\/3178","targetHints":{"allow":["GET"]}}],"collection":[{"href":"https:\/\/skbutik.com\/en\/wp-json\/wp\/v2\/product"}],"about":[{"href":"https:\/\/skbutik.com\/en\/wp-json\/wp\/v2\/types\/product"}],"replies":[{"embeddable":true,"href":"https:\/\/skbutik.com\/en\/wp-json\/wp\/v2\/comments?post=3178"}],"wp:featuredmedia":[{"embeddable":true,"href":"https:\/\/skbutik.com\/en\/wp-json\/wp\/v2\/media\/3180"}],"wp:attachment":[{"href":"https:\/\/skbutik.com\/en\/wp-json\/wp\/v2\/media?parent=3178"}],"wp:term":[{"taxonomy":"product_brand","embeddable":true,"href":"https:\/\/skbutik.com\/en\/wp-json\/wp\/v2\/product_brand?post=3178"},{"taxonomy":"product_cat","embeddable":true,"href":"https:\/\/skbutik.com\/en\/wp-json\/wp\/v2\/product_cat?post=3178"},{"taxonomy":"product_tag","embeddable":true,"href":"https:\/\/skbutik.com\/en\/wp-json\/wp\/v2\/product_tag?post=3178"}],"curies":[{"name":"wp","href":"https:\/\/api.w.org\/{rel}","templated":true}]}}