{"id":3170,"date":"2025-06-30T07:38:57","date_gmt":"2025-06-30T07:38:57","guid":{"rendered":"https:\/\/skbutik.com\/?post_type=product&#038;p=3170"},"modified":"2026-04-13T05:22:05","modified_gmt":"2026-04-13T02:22:05","slug":"hint-islemeli-abiye","status":"publish","type":"product","link":"https:\/\/skbutik.com\/en\/product\/hint-islemeli-abiye\/","title":{"rendered":"H\u0130NT \u0130\u015eLEMEL\u0130 ABiYE"},"content":{"rendered":"<p>SK Butik kalitesiyle sunulan bu \u00f6zel abiye, gard\u0131robunuzun en nadide par\u00e7as\u0131 olmaya aday. I\u015f\u0131lt\u0131n\u0131z\u0131 ve zarafetinizi sergilemek i\u00e7in hemen SK Butik&#8217;e u\u011fray\u0131n!<\/p>","protected":false},"excerpt":{"rendered":"<p>SK Butik kalitesiyle sunulan bu \u00f6zel abiye, gard\u0131robunuzun en nadide par\u00e7as\u0131 olmaya aday. I\u015f\u0131lt\u0131n\u0131z\u0131 ve zarafetinizi sergilemek i\u00e7in hemen SK<\/p>","protected":false},"featured_media":3171,"comment_status":"open","ping_status":"closed","template":"","meta":[],"product_brand":[],"product_cat":[184],"product_tag":[],"class_list":{"0":"post-3170","1":"product","2":"type-product","3":"status-publish","4":"has-post-thumbnail","6":"product_cat-abiye","7":"pa_beden-l","8":"pa_beden-xl","10":"first","11":"instock","12":"taxable","13":"shipping-taxable","14":"purchasable","15":"product-type-variable"},"_links":{"self":[{"href":"https:\/\/skbutik.com\/en\/wp-json\/wp\/v2\/product\/3170","targetHints":{"allow":["GET"]}}],"collection":[{"href":"https:\/\/skbutik.com\/en\/wp-json\/wp\/v2\/product"}],"about":[{"href":"https:\/\/skbutik.com\/en\/wp-json\/wp\/v2\/types\/product"}],"replies":[{"embeddable":true,"href":"https:\/\/skbutik.com\/en\/wp-json\/wp\/v2\/comments?post=3170"}],"wp:featuredmedia":[{"embeddable":true,"href":"https:\/\/skbutik.com\/en\/wp-json\/wp\/v2\/media\/3171"}],"wp:attachment":[{"href":"https:\/\/skbutik.com\/en\/wp-json\/wp\/v2\/media?parent=3170"}],"wp:term":[{"taxonomy":"product_brand","embeddable":true,"href":"https:\/\/skbutik.com\/en\/wp-json\/wp\/v2\/product_brand?post=3170"},{"taxonomy":"product_cat","embeddable":true,"href":"https:\/\/skbutik.com\/en\/wp-json\/wp\/v2\/product_cat?post=3170"},{"taxonomy":"product_tag","embeddable":true,"href":"https:\/\/skbutik.com\/en\/wp-json\/wp\/v2\/product_tag?post=3170"}],"curies":[{"name":"wp","href":"https:\/\/api.w.org\/{rel}","templated":true}]}}