{"id":3162,"date":"2025-06-30T07:18:28","date_gmt":"2025-06-30T07:18:28","guid":{"rendered":"https:\/\/skbutik.com\/?post_type=product&#038;p=3162"},"modified":"2026-04-14T06:10:59","modified_gmt":"2026-04-14T03:10:59","slug":"payetli-abiye","status":"publish","type":"product","link":"https:\/\/skbutik.com\/en\/product\/payetli-abiye\/","title":{"rendered":"PAYETL\u0130 AB\u0130YE"},"content":{"rendered":"<p>Bu elbise, \u00f6zel davetlerden gece \u015f\u0131kl\u0131\u011f\u0131na kadar her an\u0131n\u0131za zarafet katacak. Payetlerin \u0131\u015f\u0131lt\u0131s\u0131, sizi gecenin y\u0131ld\u0131z\u0131 yaparken, modern kesimi ve rahat kal\u0131b\u0131 sayesinde hem \u015f\u0131k hem de konforlu hissedeceksiniz.<\/p>","protected":false},"excerpt":{"rendered":"<p>Bu elbise, \u00f6zel davetlerden gece \u015f\u0131kl\u0131\u011f\u0131na kadar her an\u0131n\u0131za zarafet katacak. Payetlerin \u0131\u015f\u0131lt\u0131s\u0131, sizi gecenin y\u0131ld\u0131z\u0131 yaparken, modern kesimi ve<\/p>","protected":false},"featured_media":3164,"comment_status":"open","ping_status":"closed","template":"","meta":[],"product_brand":[],"product_cat":[184],"product_tag":[],"class_list":{"0":"post-3162","1":"product","2":"type-product","3":"status-publish","4":"has-post-thumbnail","6":"product_cat-abiye","7":"pa_beden-standart","9":"first","10":"instock","11":"taxable","12":"shipping-taxable","13":"purchasable","14":"product-type-variable"},"_links":{"self":[{"href":"https:\/\/skbutik.com\/en\/wp-json\/wp\/v2\/product\/3162","targetHints":{"allow":["GET"]}}],"collection":[{"href":"https:\/\/skbutik.com\/en\/wp-json\/wp\/v2\/product"}],"about":[{"href":"https:\/\/skbutik.com\/en\/wp-json\/wp\/v2\/types\/product"}],"replies":[{"embeddable":true,"href":"https:\/\/skbutik.com\/en\/wp-json\/wp\/v2\/comments?post=3162"}],"wp:featuredmedia":[{"embeddable":true,"href":"https:\/\/skbutik.com\/en\/wp-json\/wp\/v2\/media\/3164"}],"wp:attachment":[{"href":"https:\/\/skbutik.com\/en\/wp-json\/wp\/v2\/media?parent=3162"}],"wp:term":[{"taxonomy":"product_brand","embeddable":true,"href":"https:\/\/skbutik.com\/en\/wp-json\/wp\/v2\/product_brand?post=3162"},{"taxonomy":"product_cat","embeddable":true,"href":"https:\/\/skbutik.com\/en\/wp-json\/wp\/v2\/product_cat?post=3162"},{"taxonomy":"product_tag","embeddable":true,"href":"https:\/\/skbutik.com\/en\/wp-json\/wp\/v2\/product_tag?post=3162"}],"curies":[{"name":"wp","href":"https:\/\/api.w.org\/{rel}","templated":true}]}}