{"id":3142,"date":"2025-06-26T14:51:31","date_gmt":"2025-06-26T14:51:31","guid":{"rendered":"https:\/\/skbutik.com\/?post_type=product&#038;p=3142"},"modified":"2026-04-14T06:17:30","modified_gmt":"2026-04-14T03:17:30","slug":"tulum","status":"publish","type":"product","link":"https:\/\/skbutik.com\/en\/product\/tulum\/","title":{"rendered":"TULUM"},"content":{"rendered":"<p>&#8220;\u00dczerinizde adeta bir bahar tazeli\u011fi esiyor! Bu z\u00fcmr\u00fct ye\u015fili tulum, enerjinizin ve stilinizin m\u00fckemmel bir yans\u0131mas\u0131.&#8221;<\/p>","protected":false},"excerpt":{"rendered":"<p>&#8220;\u00dczerinizde adeta bir bahar tazeli\u011fi esiyor! Bu z\u00fcmr\u00fct ye\u015fili tulum, enerjinizin ve stilinizin m\u00fckemmel bir yans\u0131mas\u0131.&#8221;<\/p>","protected":false},"featured_media":3148,"comment_status":"open","ping_status":"closed","template":"","meta":[],"product_brand":[],"product_cat":[167],"product_tag":[],"class_list":{"0":"post-3142","1":"product","2":"type-product","3":"status-publish","4":"has-post-thumbnail","6":"product_cat-gunluk-siklik","7":"pa_beden-standart","9":"first","10":"instock","11":"sale","12":"taxable","13":"shipping-taxable","14":"purchasable","15":"product-type-variable"},"_links":{"self":[{"href":"https:\/\/skbutik.com\/en\/wp-json\/wp\/v2\/product\/3142","targetHints":{"allow":["GET"]}}],"collection":[{"href":"https:\/\/skbutik.com\/en\/wp-json\/wp\/v2\/product"}],"about":[{"href":"https:\/\/skbutik.com\/en\/wp-json\/wp\/v2\/types\/product"}],"replies":[{"embeddable":true,"href":"https:\/\/skbutik.com\/en\/wp-json\/wp\/v2\/comments?post=3142"}],"wp:featuredmedia":[{"embeddable":true,"href":"https:\/\/skbutik.com\/en\/wp-json\/wp\/v2\/media\/3148"}],"wp:attachment":[{"href":"https:\/\/skbutik.com\/en\/wp-json\/wp\/v2\/media?parent=3142"}],"wp:term":[{"taxonomy":"product_brand","embeddable":true,"href":"https:\/\/skbutik.com\/en\/wp-json\/wp\/v2\/product_brand?post=3142"},{"taxonomy":"product_cat","embeddable":true,"href":"https:\/\/skbutik.com\/en\/wp-json\/wp\/v2\/product_cat?post=3142"},{"taxonomy":"product_tag","embeddable":true,"href":"https:\/\/skbutik.com\/en\/wp-json\/wp\/v2\/product_tag?post=3142"}],"curies":[{"name":"wp","href":"https:\/\/api.w.org\/{rel}","templated":true}]}}