{"id":3077,"date":"2025-06-26T11:50:37","date_gmt":"2025-06-26T11:50:37","guid":{"rendered":"https:\/\/skbutik.com\/?post_type=product&#038;p=3077"},"modified":"2026-04-14T05:55:53","modified_gmt":"2026-04-14T02:55:53","slug":"keten-elbise","status":"publish","type":"product","link":"https:\/\/skbutik.com\/en\/product\/keten-elbise\/","title":{"rendered":"KETEN ELB\u0130SE"},"content":{"rendered":"<p>SK Butik olarak, her kad\u0131n\u0131n i\u00e7indeki e\u015fsiz zarafeti, g\u00fcc\u00fc ve d\u0131\u015fa aktarman\u0131n vakti geldi<\/p>","protected":false},"excerpt":{"rendered":"<p>SK Butik olarak, her kad\u0131n\u0131n i\u00e7indeki e\u015fsiz zarafeti, g\u00fcc\u00fc ve d\u0131\u015fa aktarman\u0131n vakti geldi<\/p>","protected":false},"featured_media":3078,"comment_status":"open","ping_status":"closed","template":"","meta":[],"product_brand":[],"product_cat":[167],"product_tag":[],"class_list":{"0":"post-3077","1":"product","2":"type-product","3":"status-publish","4":"has-post-thumbnail","6":"product_cat-gunluk-siklik","7":"pa_beden-29","8":"pa_beden-30","9":"pa_beden-31","11":"first","12":"instock","13":"taxable","14":"shipping-taxable","15":"purchasable","16":"product-type-variable"},"_links":{"self":[{"href":"https:\/\/skbutik.com\/en\/wp-json\/wp\/v2\/product\/3077","targetHints":{"allow":["GET"]}}],"collection":[{"href":"https:\/\/skbutik.com\/en\/wp-json\/wp\/v2\/product"}],"about":[{"href":"https:\/\/skbutik.com\/en\/wp-json\/wp\/v2\/types\/product"}],"replies":[{"embeddable":true,"href":"https:\/\/skbutik.com\/en\/wp-json\/wp\/v2\/comments?post=3077"}],"wp:featuredmedia":[{"embeddable":true,"href":"https:\/\/skbutik.com\/en\/wp-json\/wp\/v2\/media\/3078"}],"wp:attachment":[{"href":"https:\/\/skbutik.com\/en\/wp-json\/wp\/v2\/media?parent=3077"}],"wp:term":[{"taxonomy":"product_brand","embeddable":true,"href":"https:\/\/skbutik.com\/en\/wp-json\/wp\/v2\/product_brand?post=3077"},{"taxonomy":"product_cat","embeddable":true,"href":"https:\/\/skbutik.com\/en\/wp-json\/wp\/v2\/product_cat?post=3077"},{"taxonomy":"product_tag","embeddable":true,"href":"https:\/\/skbutik.com\/en\/wp-json\/wp\/v2\/product_tag?post=3077"}],"curies":[{"name":"wp","href":"https:\/\/api.w.org\/{rel}","templated":true}]}}