{"id":3069,"date":"2025-06-26T11:36:06","date_gmt":"2025-06-26T11:36:06","guid":{"rendered":"https:\/\/skbutik.com\/?post_type=product&#038;p=3069"},"modified":"2026-04-14T06:14:23","modified_gmt":"2026-04-14T03:14:23","slug":"tasarim-elbise","status":"publish","type":"product","link":"https:\/\/skbutik.com\/en\/product\/tasarim-elbise\/","title":{"rendered":"TASARIM ELB\u0130SE"},"content":{"rendered":"<p>Elbise, v\u00fccuda yap\u0131\u015fmayan, olduk\u00e7a bol ve d\u00f6k\u00fcml\u00fc bir kesime sahip. Bu kesim, hem hareket \u00f6zg\u00fcrl\u00fc\u011f\u00fc sunuyor hem de farkl\u0131 beden tiplerine kolayca uyum sa\u011fl\u0131yor. \u00d6zellikle rahat\u0131na d\u00fc\u015fk\u00fcn ancak \u015f\u0131kl\u0131\u011f\u0131ndan da \u00f6d\u00fcn vermek istemeyenler i\u00e7in harika bir tercih.<\/p>","protected":false},"excerpt":{"rendered":"<p>Elbise, v\u00fccuda yap\u0131\u015fmayan, olduk\u00e7a bol ve d\u00f6k\u00fcml\u00fc bir kesime sahip. Bu kesim, hem hareket \u00f6zg\u00fcrl\u00fc\u011f\u00fc sunuyor hem de farkl\u0131 beden<\/p>","protected":false},"featured_media":3070,"comment_status":"open","ping_status":"closed","template":"","meta":[],"product_brand":[],"product_cat":[184],"product_tag":[],"class_list":{"0":"post-3069","1":"product","2":"type-product","3":"status-publish","4":"has-post-thumbnail","6":"product_cat-abiye","7":"pa_beden-standart","9":"first","10":"outofstock","11":"taxable","12":"shipping-taxable","13":"purchasable","14":"product-type-variable"},"_links":{"self":[{"href":"https:\/\/skbutik.com\/en\/wp-json\/wp\/v2\/product\/3069","targetHints":{"allow":["GET"]}}],"collection":[{"href":"https:\/\/skbutik.com\/en\/wp-json\/wp\/v2\/product"}],"about":[{"href":"https:\/\/skbutik.com\/en\/wp-json\/wp\/v2\/types\/product"}],"replies":[{"embeddable":true,"href":"https:\/\/skbutik.com\/en\/wp-json\/wp\/v2\/comments?post=3069"}],"wp:featuredmedia":[{"embeddable":true,"href":"https:\/\/skbutik.com\/en\/wp-json\/wp\/v2\/media\/3070"}],"wp:attachment":[{"href":"https:\/\/skbutik.com\/en\/wp-json\/wp\/v2\/media?parent=3069"}],"wp:term":[{"taxonomy":"product_brand","embeddable":true,"href":"https:\/\/skbutik.com\/en\/wp-json\/wp\/v2\/product_brand?post=3069"},{"taxonomy":"product_cat","embeddable":true,"href":"https:\/\/skbutik.com\/en\/wp-json\/wp\/v2\/product_cat?post=3069"},{"taxonomy":"product_tag","embeddable":true,"href":"https:\/\/skbutik.com\/en\/wp-json\/wp\/v2\/product_tag?post=3069"}],"curies":[{"name":"wp","href":"https:\/\/api.w.org\/{rel}","templated":true}]}}