{"id":3047,"date":"2025-06-26T10:54:49","date_gmt":"2025-06-26T10:54:49","guid":{"rendered":"https:\/\/skbutik.com\/?post_type=product&#038;p=3047"},"modified":"2026-04-14T05:38:28","modified_gmt":"2026-04-14T02:38:28","slug":"3047","status":"publish","type":"product","link":"https:\/\/skbutik.com\/en\/product\/3047\/","title":{"rendered":"S\u0130YAH AB\u0130YE"},"content":{"rendered":"<p><b>:<\/b> Dokundu\u011funuz anda hissedece\u011finiz kalitemizle, uzun \u00f6m\u00fcrl\u00fc ve konforlu bir kullan\u0131m vaat ediyoruz.<\/p>","protected":false},"excerpt":{"rendered":"<p>: Dokundu\u011funuz anda hissedece\u011finiz kalitemizle, uzun \u00f6m\u00fcrl\u00fc ve konforlu bir kullan\u0131m vaat ediyoruz.<\/p>","protected":false},"featured_media":3045,"comment_status":"open","ping_status":"closed","template":"","meta":[],"product_brand":[],"product_cat":[184],"product_tag":[],"class_list":{"0":"post-3047","1":"product","2":"type-product","3":"status-publish","4":"has-post-thumbnail","6":"product_cat-abiye","7":"pa_beden-37","8":"pa_beden-120","9":"pa_beden-185","11":"first","12":"outofstock","13":"taxable","14":"shipping-taxable","15":"purchasable","16":"product-type-variable"},"_links":{"self":[{"href":"https:\/\/skbutik.com\/en\/wp-json\/wp\/v2\/product\/3047","targetHints":{"allow":["GET"]}}],"collection":[{"href":"https:\/\/skbutik.com\/en\/wp-json\/wp\/v2\/product"}],"about":[{"href":"https:\/\/skbutik.com\/en\/wp-json\/wp\/v2\/types\/product"}],"replies":[{"embeddable":true,"href":"https:\/\/skbutik.com\/en\/wp-json\/wp\/v2\/comments?post=3047"}],"wp:featuredmedia":[{"embeddable":true,"href":"https:\/\/skbutik.com\/en\/wp-json\/wp\/v2\/media\/3045"}],"wp:attachment":[{"href":"https:\/\/skbutik.com\/en\/wp-json\/wp\/v2\/media?parent=3047"}],"wp:term":[{"taxonomy":"product_brand","embeddable":true,"href":"https:\/\/skbutik.com\/en\/wp-json\/wp\/v2\/product_brand?post=3047"},{"taxonomy":"product_cat","embeddable":true,"href":"https:\/\/skbutik.com\/en\/wp-json\/wp\/v2\/product_cat?post=3047"},{"taxonomy":"product_tag","embeddable":true,"href":"https:\/\/skbutik.com\/en\/wp-json\/wp\/v2\/product_tag?post=3047"}],"curies":[{"name":"wp","href":"https:\/\/api.w.org\/{rel}","templated":true}]}}