{"id":3037,"date":"2025-06-26T09:32:33","date_gmt":"2025-06-26T09:32:33","guid":{"rendered":"https:\/\/skbutik.com\/?post_type=product&#038;p=3037"},"modified":"2026-04-14T05:49:34","modified_gmt":"2026-04-14T02:49:34","slug":"incili-abiye","status":"publish","type":"product","link":"https:\/\/skbutik.com\/en\/product\/incili-abiye\/","title":{"rendered":"\u0130NC\u0130L\u0130 AB\u0130YE"},"content":{"rendered":"<p>SK Butik olarak, her kad\u0131n\u0131n i\u00e7indeki e\u015fsiz zarafeti, g\u00fcc\u00fc ve \u00f6zg\u00fcnl\u00fc\u011f\u00fc ortaya \u00e7\u0131karacak \u00f6zel tasar\u0131m par\u00e7alar sunmaktan gurur duyuyoruz. \u0130ster \u00f6zel bir davette t\u00fcm bak\u0131\u015flar\u0131 \u00fczerinize \u00e7ekmek isteyin, ister g\u00fcnl\u00fck \u015f\u0131kl\u0131\u011f\u0131n\u0131za sofistike ve karakterli bir dokunu\u015f kat\u0131n; koleksiyonumuzdaki her bir par\u00e7a, tarz\u0131n\u0131z\u0131 y\u00fcceltmek ve kendinizi her an \u00f6zel hissetmenizi sa\u011flamak i\u00e7in tasarland\u0131.<\/p>","protected":false},"excerpt":{"rendered":"<p>SK Butik olarak, her kad\u0131n\u0131n i\u00e7indeki e\u015fsiz zarafeti, g\u00fcc\u00fc ve \u00f6zg\u00fcnl\u00fc\u011f\u00fc ortaya \u00e7\u0131karacak \u00f6zel tasar\u0131m par\u00e7alar sunmaktan gurur duyuyoruz. \u0130ster<\/p>","protected":false},"featured_media":3038,"comment_status":"open","ping_status":"closed","template":"","meta":[],"product_brand":[],"product_cat":[184],"product_tag":[],"class_list":{"0":"post-3037","1":"product","2":"type-product","3":"status-publish","4":"has-post-thumbnail","6":"product_cat-abiye","7":"pa_beden-29","8":"pa_beden-30","9":"pa_beden-31","11":"first","12":"outofstock","13":"taxable","14":"shipping-taxable","15":"purchasable","16":"product-type-variable"},"_links":{"self":[{"href":"https:\/\/skbutik.com\/en\/wp-json\/wp\/v2\/product\/3037","targetHints":{"allow":["GET"]}}],"collection":[{"href":"https:\/\/skbutik.com\/en\/wp-json\/wp\/v2\/product"}],"about":[{"href":"https:\/\/skbutik.com\/en\/wp-json\/wp\/v2\/types\/product"}],"replies":[{"embeddable":true,"href":"https:\/\/skbutik.com\/en\/wp-json\/wp\/v2\/comments?post=3037"}],"wp:featuredmedia":[{"embeddable":true,"href":"https:\/\/skbutik.com\/en\/wp-json\/wp\/v2\/media\/3038"}],"wp:attachment":[{"href":"https:\/\/skbutik.com\/en\/wp-json\/wp\/v2\/media?parent=3037"}],"wp:term":[{"taxonomy":"product_brand","embeddable":true,"href":"https:\/\/skbutik.com\/en\/wp-json\/wp\/v2\/product_brand?post=3037"},{"taxonomy":"product_cat","embeddable":true,"href":"https:\/\/skbutik.com\/en\/wp-json\/wp\/v2\/product_cat?post=3037"},{"taxonomy":"product_tag","embeddable":true,"href":"https:\/\/skbutik.com\/en\/wp-json\/wp\/v2\/product_tag?post=3037"}],"curies":[{"name":"wp","href":"https:\/\/api.w.org\/{rel}","templated":true}]}}