{"id":3010,"date":"2025-06-26T09:06:05","date_gmt":"2025-06-26T09:06:05","guid":{"rendered":"https:\/\/skbutik.com\/?post_type=product&#038;p=3010"},"modified":"2026-04-13T05:08:07","modified_gmt":"2026-04-13T02:08:07","slug":"3010","status":"publish","type":"product","link":"https:\/\/skbutik.com\/en\/product\/3010\/","title":{"rendered":"PAYETL\u0130 AB\u0130YE"},"content":{"rendered":"<p>Asaleti ve modern l\u00fcks\u00fc bir araya getiren abiye elbiselerimiz \u015fikl\u0131k ve zerafer bir arada.<\/p>","protected":false},"excerpt":{"rendered":"<p>Asaleti ve modern l\u00fcks\u00fc bir araya getiren abiye elbiselerimiz \u015fikl\u0131k ve zerafer bir arada.<\/p>","protected":false},"featured_media":3022,"comment_status":"open","ping_status":"closed","template":"","meta":[],"product_brand":[],"product_cat":[184],"product_tag":[],"class_list":{"0":"post-3010","1":"product","2":"type-product","3":"status-publish","4":"has-post-thumbnail","6":"product_cat-abiye","7":"pa_beden-29","8":"pa_beden-30","9":"pa_beden-31","11":"first","12":"instock","13":"taxable","14":"shipping-taxable","15":"purchasable","16":"product-type-variable"},"_links":{"self":[{"href":"https:\/\/skbutik.com\/en\/wp-json\/wp\/v2\/product\/3010","targetHints":{"allow":["GET"]}}],"collection":[{"href":"https:\/\/skbutik.com\/en\/wp-json\/wp\/v2\/product"}],"about":[{"href":"https:\/\/skbutik.com\/en\/wp-json\/wp\/v2\/types\/product"}],"replies":[{"embeddable":true,"href":"https:\/\/skbutik.com\/en\/wp-json\/wp\/v2\/comments?post=3010"}],"wp:featuredmedia":[{"embeddable":true,"href":"https:\/\/skbutik.com\/en\/wp-json\/wp\/v2\/media\/3022"}],"wp:attachment":[{"href":"https:\/\/skbutik.com\/en\/wp-json\/wp\/v2\/media?parent=3010"}],"wp:term":[{"taxonomy":"product_brand","embeddable":true,"href":"https:\/\/skbutik.com\/en\/wp-json\/wp\/v2\/product_brand?post=3010"},{"taxonomy":"product_cat","embeddable":true,"href":"https:\/\/skbutik.com\/en\/wp-json\/wp\/v2\/product_cat?post=3010"},{"taxonomy":"product_tag","embeddable":true,"href":"https:\/\/skbutik.com\/en\/wp-json\/wp\/v2\/product_tag?post=3010"}],"curies":[{"name":"wp","href":"https:\/\/api.w.org\/{rel}","templated":true}]}}