{"id":2997,"date":"2025-06-26T08:06:07","date_gmt":"2025-06-26T08:06:07","guid":{"rendered":"https:\/\/skbutik.com\/?post_type=product&#038;p=2997"},"modified":"2026-04-13T05:31:20","modified_gmt":"2026-04-13T02:31:20","slug":"mavi-abiye","status":"publish","type":"product","link":"https:\/\/skbutik.com\/en\/product\/mavi-abiye\/","title":{"rendered":"MAV\u0130 AB\u0130YE"},"content":{"rendered":"<p>Bu elbise, \u00f6zel davetler, d\u00fc\u011f\u00fcnler, ni\u015fanlar veya mezuniyet t\u00f6renleri gibi resmi ve yar\u0131 resmi etkinlikler i\u00e7in olduk\u00e7a uygun g\u00f6r\u00fcn\u00fcyor. Klasik lacivert rengi ve \u0131\u015f\u0131lt\u0131l\u0131 detaylar\u0131 ile hem zamans\u0131z hem de g\u00f6z al\u0131c\u0131 bir stil sunuyor.<\/p>","protected":false},"excerpt":{"rendered":"<p>Bu elbise, \u00f6zel davetler, d\u00fc\u011f\u00fcnler, ni\u015fanlar veya mezuniyet t\u00f6renleri gibi resmi ve yar\u0131 resmi etkinlikler i\u00e7in olduk\u00e7a uygun g\u00f6r\u00fcn\u00fcyor. Klasik<\/p>","protected":false},"featured_media":2998,"comment_status":"open","ping_status":"closed","template":"","meta":[],"product_brand":[],"product_cat":[184],"product_tag":[],"class_list":{"0":"post-2997","1":"product","2":"type-product","3":"status-publish","4":"has-post-thumbnail","6":"product_cat-abiye","7":"pa_beden-171","9":"first","10":"outofstock","11":"taxable","12":"shipping-taxable","13":"purchasable","14":"product-type-variable"},"_links":{"self":[{"href":"https:\/\/skbutik.com\/en\/wp-json\/wp\/v2\/product\/2997","targetHints":{"allow":["GET"]}}],"collection":[{"href":"https:\/\/skbutik.com\/en\/wp-json\/wp\/v2\/product"}],"about":[{"href":"https:\/\/skbutik.com\/en\/wp-json\/wp\/v2\/types\/product"}],"replies":[{"embeddable":true,"href":"https:\/\/skbutik.com\/en\/wp-json\/wp\/v2\/comments?post=2997"}],"wp:featuredmedia":[{"embeddable":true,"href":"https:\/\/skbutik.com\/en\/wp-json\/wp\/v2\/media\/2998"}],"wp:attachment":[{"href":"https:\/\/skbutik.com\/en\/wp-json\/wp\/v2\/media?parent=2997"}],"wp:term":[{"taxonomy":"product_brand","embeddable":true,"href":"https:\/\/skbutik.com\/en\/wp-json\/wp\/v2\/product_brand?post=2997"},{"taxonomy":"product_cat","embeddable":true,"href":"https:\/\/skbutik.com\/en\/wp-json\/wp\/v2\/product_cat?post=2997"},{"taxonomy":"product_tag","embeddable":true,"href":"https:\/\/skbutik.com\/en\/wp-json\/wp\/v2\/product_tag?post=2997"}],"curies":[{"name":"wp","href":"https:\/\/api.w.org\/{rel}","templated":true}]}}