{"id":2933,"date":"2025-06-21T11:39:44","date_gmt":"2025-06-21T11:39:44","guid":{"rendered":"https:\/\/skbutik.com\/?post_type=product&#038;p=2933"},"modified":"2026-04-14T05:43:51","modified_gmt":"2026-04-14T02:43:51","slug":"abiye-elbise","status":"publish","type":"product","link":"https:\/\/skbutik.com\/en\/product\/abiye-elbise\/","title":{"rendered":"AB\u0130YE ELB\u0130SE"},"content":{"rendered":"<p>G\u00f6\u011f\u00fcs k\u0131sm\u0131ndan a\u015fa\u011f\u0131ya do\u011fru zarif\u00e7e inen dikey pileler, elbiseye dinamik bir doku katarken, v\u00fccutta kusursuz bir d\u00f6k\u00fclme sa\u011flar. Her ad\u0131m\u0131n\u0131zda zarafetinizle dans edin.<\/p>","protected":false},"excerpt":{"rendered":"<p>G\u00f6\u011f\u00fcs k\u0131sm\u0131ndan a\u015fa\u011f\u0131ya do\u011fru zarif\u00e7e inen dikey pileler, elbiseye dinamik bir doku katarken, v\u00fccutta kusursuz bir d\u00f6k\u00fclme sa\u011flar. Her ad\u0131m\u0131n\u0131zda<\/p>","protected":false},"featured_media":2934,"comment_status":"open","ping_status":"closed","template":"","meta":[],"product_brand":[],"product_cat":[167],"product_tag":[],"class_list":{"0":"post-2933","1":"product","2":"type-product","3":"status-publish","4":"has-post-thumbnail","6":"product_cat-gunluk-siklik","7":"pa_beden-30","8":"pa_beden-31","10":"first","11":"instock","12":"taxable","13":"shipping-taxable","14":"purchasable","15":"product-type-variable"},"_links":{"self":[{"href":"https:\/\/skbutik.com\/en\/wp-json\/wp\/v2\/product\/2933","targetHints":{"allow":["GET"]}}],"collection":[{"href":"https:\/\/skbutik.com\/en\/wp-json\/wp\/v2\/product"}],"about":[{"href":"https:\/\/skbutik.com\/en\/wp-json\/wp\/v2\/types\/product"}],"replies":[{"embeddable":true,"href":"https:\/\/skbutik.com\/en\/wp-json\/wp\/v2\/comments?post=2933"}],"wp:featuredmedia":[{"embeddable":true,"href":"https:\/\/skbutik.com\/en\/wp-json\/wp\/v2\/media\/2934"}],"wp:attachment":[{"href":"https:\/\/skbutik.com\/en\/wp-json\/wp\/v2\/media?parent=2933"}],"wp:term":[{"taxonomy":"product_brand","embeddable":true,"href":"https:\/\/skbutik.com\/en\/wp-json\/wp\/v2\/product_brand?post=2933"},{"taxonomy":"product_cat","embeddable":true,"href":"https:\/\/skbutik.com\/en\/wp-json\/wp\/v2\/product_cat?post=2933"},{"taxonomy":"product_tag","embeddable":true,"href":"https:\/\/skbutik.com\/en\/wp-json\/wp\/v2\/product_tag?post=2933"}],"curies":[{"name":"wp","href":"https:\/\/api.w.org\/{rel}","templated":true}]}}