{"id":2923,"date":"2025-06-21T10:59:58","date_gmt":"2025-06-21T10:59:58","guid":{"rendered":"https:\/\/skbutik.com\/?post_type=product&#038;p=2923"},"modified":"2026-04-14T06:01:57","modified_gmt":"2026-04-14T03:01:57","slug":"mevsimlik-ceket-kap","status":"publish","type":"product","link":"https:\/\/skbutik.com\/en\/product\/mevsimlik-ceket-kap\/","title":{"rendered":"MEVS\u0130ML\u0130K CEKET-KAP"},"content":{"rendered":"<p>\u00dcr\u00fcn\u00fc sadece bir &#8220;kap&#8221; olarak de\u011fil, m\u00fc\u015fterinin kat\u0131laca\u011f\u0131 d\u00fc\u011f\u00fcn, ni\u015fan, mezuniyet, \u00f6zel davet gibi unutulmaz bir etkinli\u011fin anahtar par\u00e7as\u0131 olarak konumland\u0131r\u0131n. &#8220;Bu kap ile o \u00f6zel geceye damga vurun,&#8221; &#8220;Hayat\u0131n\u0131z\u0131n en \u00f6zel anlar\u0131ndan birinde sizi parlatacak par\u00e7a&#8221; gibi ifadeler kullan\u0131n.<\/p>","protected":false},"excerpt":{"rendered":"<p>\u00dcr\u00fcn\u00fc sadece bir &#8220;kap&#8221; olarak de\u011fil, m\u00fc\u015fterinin kat\u0131laca\u011f\u0131 d\u00fc\u011f\u00fcn, ni\u015fan, mezuniyet, \u00f6zel davet gibi unutulmaz bir etkinli\u011fin anahtar par\u00e7as\u0131 olarak<\/p>","protected":false},"featured_media":2924,"comment_status":"open","ping_status":"closed","template":"","meta":[],"product_brand":[],"product_cat":[167],"product_tag":[],"class_list":{"0":"post-2923","1":"product","2":"type-product","3":"status-publish","4":"has-post-thumbnail","6":"product_cat-gunluk-siklik","7":"pa_beden-37","8":"pa_beden-38","9":"pa_beden-39","11":"first","12":"instock","13":"taxable","14":"shipping-taxable","15":"purchasable","16":"product-type-variable"},"_links":{"self":[{"href":"https:\/\/skbutik.com\/en\/wp-json\/wp\/v2\/product\/2923","targetHints":{"allow":["GET"]}}],"collection":[{"href":"https:\/\/skbutik.com\/en\/wp-json\/wp\/v2\/product"}],"about":[{"href":"https:\/\/skbutik.com\/en\/wp-json\/wp\/v2\/types\/product"}],"replies":[{"embeddable":true,"href":"https:\/\/skbutik.com\/en\/wp-json\/wp\/v2\/comments?post=2923"}],"wp:featuredmedia":[{"embeddable":true,"href":"https:\/\/skbutik.com\/en\/wp-json\/wp\/v2\/media\/2924"}],"wp:attachment":[{"href":"https:\/\/skbutik.com\/en\/wp-json\/wp\/v2\/media?parent=2923"}],"wp:term":[{"taxonomy":"product_brand","embeddable":true,"href":"https:\/\/skbutik.com\/en\/wp-json\/wp\/v2\/product_brand?post=2923"},{"taxonomy":"product_cat","embeddable":true,"href":"https:\/\/skbutik.com\/en\/wp-json\/wp\/v2\/product_cat?post=2923"},{"taxonomy":"product_tag","embeddable":true,"href":"https:\/\/skbutik.com\/en\/wp-json\/wp\/v2\/product_tag?post=2923"}],"curies":[{"name":"wp","href":"https:\/\/api.w.org\/{rel}","templated":true}]}}