{"id":2904,"date":"2025-06-21T09:59:57","date_gmt":"2025-06-21T09:59:57","guid":{"rendered":"https:\/\/skbutik.com\/?post_type=product&#038;p=2904"},"modified":"2026-04-12T19:22:03","modified_gmt":"2026-04-12T16:22:03","slug":"tasli-kap","status":"publish","type":"product","link":"https:\/\/skbutik.com\/en\/product\/tasli-kap\/","title":{"rendered":"TA\u015eLI CEKET-KAP"},"content":{"rendered":"<p>\u00d6zel g\u00fcnlerinizde t\u00fcm bak\u0131\u015flar\u0131 \u00fczerinize \u00e7ekmeye haz\u0131r m\u0131s\u0131n\u0131z? Bu e\u015fsiz lacivert abiye kap, \u015f\u0131kl\u0131\u011f\u0131 ve modern detaylar\u0131 bir araya getirerek size unutulmaz bir g\u00f6r\u00fcn\u00fcm sunuyor. Geleneksel zarafet ile \u00e7a\u011fda\u015f i\u015flemelerin m\u00fckemmel uyumuyla tasarlanan bu kap, gard\u0131robunuzun en g\u00f6zde par\u00e7as\u0131 olmaya aday!<\/p>","protected":false},"excerpt":{"rendered":"<p>\u00d6zel g\u00fcnlerinizde t\u00fcm bak\u0131\u015flar\u0131 \u00fczerinize \u00e7ekmeye haz\u0131r m\u0131s\u0131n\u0131z? Bu e\u015fsiz lacivert abiye kap, \u015f\u0131kl\u0131\u011f\u0131 ve modern detaylar\u0131 bir araya getirerek<\/p>","protected":false},"featured_media":2905,"comment_status":"open","ping_status":"closed","template":"","meta":[],"product_brand":[],"product_cat":[167],"product_tag":[],"class_list":{"0":"post-2904","1":"product","2":"type-product","3":"status-publish","4":"has-post-thumbnail","6":"product_cat-gunluk-siklik","7":"pa_beden-37","8":"pa_beden-38","9":"pa_beden-39","11":"first","12":"instock","13":"taxable","14":"shipping-taxable","15":"purchasable","16":"product-type-variable"},"_links":{"self":[{"href":"https:\/\/skbutik.com\/en\/wp-json\/wp\/v2\/product\/2904","targetHints":{"allow":["GET"]}}],"collection":[{"href":"https:\/\/skbutik.com\/en\/wp-json\/wp\/v2\/product"}],"about":[{"href":"https:\/\/skbutik.com\/en\/wp-json\/wp\/v2\/types\/product"}],"replies":[{"embeddable":true,"href":"https:\/\/skbutik.com\/en\/wp-json\/wp\/v2\/comments?post=2904"}],"wp:featuredmedia":[{"embeddable":true,"href":"https:\/\/skbutik.com\/en\/wp-json\/wp\/v2\/media\/2905"}],"wp:attachment":[{"href":"https:\/\/skbutik.com\/en\/wp-json\/wp\/v2\/media?parent=2904"}],"wp:term":[{"taxonomy":"product_brand","embeddable":true,"href":"https:\/\/skbutik.com\/en\/wp-json\/wp\/v2\/product_brand?post=2904"},{"taxonomy":"product_cat","embeddable":true,"href":"https:\/\/skbutik.com\/en\/wp-json\/wp\/v2\/product_cat?post=2904"},{"taxonomy":"product_tag","embeddable":true,"href":"https:\/\/skbutik.com\/en\/wp-json\/wp\/v2\/product_tag?post=2904"}],"curies":[{"name":"wp","href":"https:\/\/api.w.org\/{rel}","templated":true}]}}