{"id":2903,"date":"2025-06-21T10:30:10","date_gmt":"2025-06-21T10:30:10","guid":{"rendered":"https:\/\/skbutik.com\/?post_type=product&#038;p=2903"},"modified":"2026-04-14T06:15:42","modified_gmt":"2026-04-14T03:15:42","slug":"tasli-ceket-kap","status":"publish","type":"product","link":"https:\/\/skbutik.com\/en\/product\/tasli-ceket-kap\/","title":{"rendered":"TA\u015eLI CEKET-KAP"},"content":{"rendered":"<p>Bu \u00f6zel abiye kap, sadece bir giysi de\u011fil, ayn\u0131 zamanda ta\u015f\u0131y\u0131c\u0131s\u0131na \u00f6zg\u00fcven ve zarafet katan, \u00f6zel anlar\u0131 ta\u00e7land\u0131ran bir ba\u015fyap\u0131tt\u0131r. \u0130\u015fte sat\u0131\u015f stratejileri:<\/p>","protected":false},"excerpt":{"rendered":"<p>Bu \u00f6zel abiye kap, sadece bir giysi de\u011fil, ayn\u0131 zamanda ta\u015f\u0131y\u0131c\u0131s\u0131na \u00f6zg\u00fcven ve zarafet katan, \u00f6zel anlar\u0131 ta\u00e7land\u0131ran bir ba\u015fyap\u0131tt\u0131r.<\/p>","protected":false},"featured_media":2913,"comment_status":"open","ping_status":"closed","template":"","meta":[],"product_brand":[],"product_cat":[167],"product_tag":[],"class_list":{"0":"post-2903","1":"product","2":"type-product","3":"status-publish","4":"has-post-thumbnail","6":"product_cat-gunluk-siklik","7":"pa_beden-37","8":"pa_beden-38","9":"pa_beden-39","11":"first","12":"instock","13":"taxable","14":"shipping-taxable","15":"purchasable","16":"product-type-variable"},"_links":{"self":[{"href":"https:\/\/skbutik.com\/en\/wp-json\/wp\/v2\/product\/2903","targetHints":{"allow":["GET"]}}],"collection":[{"href":"https:\/\/skbutik.com\/en\/wp-json\/wp\/v2\/product"}],"about":[{"href":"https:\/\/skbutik.com\/en\/wp-json\/wp\/v2\/types\/product"}],"replies":[{"embeddable":true,"href":"https:\/\/skbutik.com\/en\/wp-json\/wp\/v2\/comments?post=2903"}],"wp:featuredmedia":[{"embeddable":true,"href":"https:\/\/skbutik.com\/en\/wp-json\/wp\/v2\/media\/2913"}],"wp:attachment":[{"href":"https:\/\/skbutik.com\/en\/wp-json\/wp\/v2\/media?parent=2903"}],"wp:term":[{"taxonomy":"product_brand","embeddable":true,"href":"https:\/\/skbutik.com\/en\/wp-json\/wp\/v2\/product_brand?post=2903"},{"taxonomy":"product_cat","embeddable":true,"href":"https:\/\/skbutik.com\/en\/wp-json\/wp\/v2\/product_cat?post=2903"},{"taxonomy":"product_tag","embeddable":true,"href":"https:\/\/skbutik.com\/en\/wp-json\/wp\/v2\/product_tag?post=2903"}],"curies":[{"name":"wp","href":"https:\/\/api.w.org\/{rel}","templated":true}]}}