{"id":2805,"date":"2025-06-20T11:40:55","date_gmt":"2025-06-20T11:40:55","guid":{"rendered":"https:\/\/skbutik.com\/?post_type=product&#038;p=2805"},"modified":"2026-04-14T06:01:37","modified_gmt":"2026-04-14T03:01:37","slug":"mevsimlik-ceket-2","status":"publish","type":"product","link":"https:\/\/skbutik.com\/en\/product\/mevsimlik-ceket-2\/","title":{"rendered":"Mevsimlik Ceket"},"content":{"rendered":"<p>\u015e\u0131kl\u0131\u011f\u0131 ve \u00f6zg\u00fcnl\u00fc\u011f\u00fc bir arada arayanlar i\u00e7in tasarlanm\u0131\u015f bu \u00f6zel ceket ile tan\u0131\u015f\u0131n. Siyah\u0131n asaleti, zarif bej \u00e7i\u00e7ek nak\u0131\u015flar\u0131 ve transparan file detaylarla bulu\u015farak her kombininize sofistike bir dokunu\u015f kat\u0131yor.<\/p>","protected":false},"excerpt":{"rendered":"<p>\u015e\u0131kl\u0131\u011f\u0131 ve \u00f6zg\u00fcnl\u00fc\u011f\u00fc bir arada arayanlar i\u00e7in tasarlanm\u0131\u015f bu \u00f6zel ceket ile tan\u0131\u015f\u0131n. Siyah\u0131n asaleti, zarif bej \u00e7i\u00e7ek nak\u0131\u015flar\u0131 ve<\/p>","protected":false},"featured_media":2806,"comment_status":"open","ping_status":"closed","template":"","meta":[],"product_brand":[],"product_cat":[167],"product_tag":[],"class_list":{"0":"post-2805","1":"product","2":"type-product","3":"status-publish","4":"has-post-thumbnail","6":"product_cat-gunluk-siklik","7":"pa_beden-38","9":"first","10":"outofstock","11":"taxable","12":"shipping-taxable","13":"purchasable","14":"product-type-variable"},"_links":{"self":[{"href":"https:\/\/skbutik.com\/en\/wp-json\/wp\/v2\/product\/2805","targetHints":{"allow":["GET"]}}],"collection":[{"href":"https:\/\/skbutik.com\/en\/wp-json\/wp\/v2\/product"}],"about":[{"href":"https:\/\/skbutik.com\/en\/wp-json\/wp\/v2\/types\/product"}],"replies":[{"embeddable":true,"href":"https:\/\/skbutik.com\/en\/wp-json\/wp\/v2\/comments?post=2805"}],"wp:featuredmedia":[{"embeddable":true,"href":"https:\/\/skbutik.com\/en\/wp-json\/wp\/v2\/media\/2806"}],"wp:attachment":[{"href":"https:\/\/skbutik.com\/en\/wp-json\/wp\/v2\/media?parent=2805"}],"wp:term":[{"taxonomy":"product_brand","embeddable":true,"href":"https:\/\/skbutik.com\/en\/wp-json\/wp\/v2\/product_brand?post=2805"},{"taxonomy":"product_cat","embeddable":true,"href":"https:\/\/skbutik.com\/en\/wp-json\/wp\/v2\/product_cat?post=2805"},{"taxonomy":"product_tag","embeddable":true,"href":"https:\/\/skbutik.com\/en\/wp-json\/wp\/v2\/product_tag?post=2805"}],"curies":[{"name":"wp","href":"https:\/\/api.w.org\/{rel}","templated":true}]}}