{"id":2798,"date":"2025-06-20T11:23:48","date_gmt":"2025-06-20T11:23:48","guid":{"rendered":"https:\/\/skbutik.com\/?post_type=product&#038;p=2798"},"modified":"2026-04-13T05:32:01","modified_gmt":"2026-04-13T02:32:01","slug":"mevsimlik-ceket","status":"publish","type":"product","link":"https:\/\/skbutik.com\/en\/product\/mevsimlik-ceket\/","title":{"rendered":"Mevsimlik Ceket"},"content":{"rendered":"<p>Ge\u00e7i\u015f mevsimlerinin vazge\u00e7ilmezi, gard\u0131robunuzun en \u015f\u0131k tamamlay\u0131c\u0131s\u0131 olmaya aday SK Butik&#8217;in bu \u00f6zel mevsimlik ceketiyle tan\u0131\u015f\u0131n! Zarif i\u015flemeleri ve modern duru\u015fuyla her kombine l\u00fcks bir hava kat\u0131n.<\/p>","protected":false},"excerpt":{"rendered":"<p>Ge\u00e7i\u015f mevsimlerinin vazge\u00e7ilmezi, gard\u0131robunuzun en \u015f\u0131k tamamlay\u0131c\u0131s\u0131 olmaya aday SK Butik&#8217;in bu \u00f6zel mevsimlik ceketiyle tan\u0131\u015f\u0131n! Zarif i\u015flemeleri ve modern<\/p>","protected":false},"featured_media":2799,"comment_status":"open","ping_status":"closed","template":"","meta":[],"product_brand":[],"product_cat":[167],"product_tag":[],"class_list":{"0":"post-2798","1":"product","2":"type-product","3":"status-publish","4":"has-post-thumbnail","6":"product_cat-gunluk-siklik","7":"pa_beden-std","9":"first","10":"outofstock","11":"sale","12":"taxable","13":"shipping-taxable","14":"purchasable","15":"product-type-variable"},"_links":{"self":[{"href":"https:\/\/skbutik.com\/en\/wp-json\/wp\/v2\/product\/2798","targetHints":{"allow":["GET"]}}],"collection":[{"href":"https:\/\/skbutik.com\/en\/wp-json\/wp\/v2\/product"}],"about":[{"href":"https:\/\/skbutik.com\/en\/wp-json\/wp\/v2\/types\/product"}],"replies":[{"embeddable":true,"href":"https:\/\/skbutik.com\/en\/wp-json\/wp\/v2\/comments?post=2798"}],"wp:featuredmedia":[{"embeddable":true,"href":"https:\/\/skbutik.com\/en\/wp-json\/wp\/v2\/media\/2799"}],"wp:attachment":[{"href":"https:\/\/skbutik.com\/en\/wp-json\/wp\/v2\/media?parent=2798"}],"wp:term":[{"taxonomy":"product_brand","embeddable":true,"href":"https:\/\/skbutik.com\/en\/wp-json\/wp\/v2\/product_brand?post=2798"},{"taxonomy":"product_cat","embeddable":true,"href":"https:\/\/skbutik.com\/en\/wp-json\/wp\/v2\/product_cat?post=2798"},{"taxonomy":"product_tag","embeddable":true,"href":"https:\/\/skbutik.com\/en\/wp-json\/wp\/v2\/product_tag?post=2798"}],"curies":[{"name":"wp","href":"https:\/\/api.w.org\/{rel}","templated":true}]}}