{"id":2735,"date":"2025-06-19T23:29:25","date_gmt":"2025-06-19T23:29:25","guid":{"rendered":"https:\/\/skbutik.com\/?post_type=product&#038;p=2735"},"modified":"2026-04-14T05:37:59","modified_gmt":"2026-04-14T02:37:59","slug":"2735","status":"publish","type":"product","link":"https:\/\/skbutik.com\/en\/product\/2735\/","title":{"rendered":"TENSEL TAKIM"},"content":{"rendered":"<p>\u0130ster g\u00fcnl\u00fck \u015f\u0131kl\u0131\u011f\u0131n\u0131z i\u00e7in bir sandalet ve has\u0131r \u00e7anta ile kombinleyin, ister topuklu ayakkab\u0131lar ve g\u00f6steri\u015fli aksesuarlarla \u00f6zel davetlerde g\u00f6z kama\u015ft\u0131r\u0131n. Bu tak\u0131m, farkl\u0131 ortamlara kolayca uyum sa\u011flar.<\/p>","protected":false},"excerpt":{"rendered":"<p>\u0130ster g\u00fcnl\u00fck \u015f\u0131kl\u0131\u011f\u0131n\u0131z i\u00e7in bir sandalet ve has\u0131r \u00e7anta ile kombinleyin, ister topuklu ayakkab\u0131lar ve g\u00f6steri\u015fli aksesuarlarla \u00f6zel davetlerde g\u00f6z<\/p>","protected":false},"featured_media":2738,"comment_status":"open","ping_status":"closed","template":"","meta":[],"product_brand":[],"product_cat":[167],"product_tag":[],"class_list":{"0":"post-2735","1":"product","2":"type-product","3":"status-publish","4":"has-post-thumbnail","6":"product_cat-gunluk-siklik","7":"pa_beden-30","8":"pa_beden-31","9":"pa_beden-32","10":"pa_beden-33","11":"pa_beden-125","13":"first","14":"instock","15":"taxable","16":"shipping-taxable","17":"purchasable","18":"product-type-variable"},"_links":{"self":[{"href":"https:\/\/skbutik.com\/en\/wp-json\/wp\/v2\/product\/2735","targetHints":{"allow":["GET"]}}],"collection":[{"href":"https:\/\/skbutik.com\/en\/wp-json\/wp\/v2\/product"}],"about":[{"href":"https:\/\/skbutik.com\/en\/wp-json\/wp\/v2\/types\/product"}],"replies":[{"embeddable":true,"href":"https:\/\/skbutik.com\/en\/wp-json\/wp\/v2\/comments?post=2735"}],"wp:featuredmedia":[{"embeddable":true,"href":"https:\/\/skbutik.com\/en\/wp-json\/wp\/v2\/media\/2738"}],"wp:attachment":[{"href":"https:\/\/skbutik.com\/en\/wp-json\/wp\/v2\/media?parent=2735"}],"wp:term":[{"taxonomy":"product_brand","embeddable":true,"href":"https:\/\/skbutik.com\/en\/wp-json\/wp\/v2\/product_brand?post=2735"},{"taxonomy":"product_cat","embeddable":true,"href":"https:\/\/skbutik.com\/en\/wp-json\/wp\/v2\/product_cat?post=2735"},{"taxonomy":"product_tag","embeddable":true,"href":"https:\/\/skbutik.com\/en\/wp-json\/wp\/v2\/product_tag?post=2735"}],"curies":[{"name":"wp","href":"https:\/\/api.w.org\/{rel}","templated":true}]}}