{"id":2715,"date":"2025-06-19T23:00:49","date_gmt":"2025-06-19T23:00:49","guid":{"rendered":"https:\/\/skbutik.com\/?post_type=product&#038;p=2715"},"modified":"2026-04-14T06:16:10","modified_gmt":"2026-04-14T03:16:10","slug":"tensel-takim","status":"publish","type":"product","link":"https:\/\/skbutik.com\/en\/product\/tensel-takim\/","title":{"rendered":"Tensel Tak\u0131m"},"content":{"rendered":"<p><strong>Do\u011fal Tensel Kuma\u015f\u0131n B\u00fcy\u00fcs\u00fc:<\/strong> Nefes alan, yumu\u015fac\u0131k ve cilde dost tensel kuma\u015f\u0131 sayesinde g\u00fcn boyu konforun keyfini \u00e7\u0131kar\u0131n. Terletmeyen yap\u0131s\u0131yla en s\u0131cak havalarda bile serin ve \u015f\u0131k kalman\u0131z\u0131 sa\u011flar.<\/p>","protected":false},"excerpt":{"rendered":"<p>Do\u011fal Tensel Kuma\u015f\u0131n B\u00fcy\u00fcs\u00fc: Nefes alan, yumu\u015fac\u0131k ve cilde dost tensel kuma\u015f\u0131 sayesinde g\u00fcn boyu konforun keyfini \u00e7\u0131kar\u0131n. Terletmeyen yap\u0131s\u0131yla<\/p>","protected":false},"featured_media":2724,"comment_status":"open","ping_status":"closed","template":"","meta":[],"product_brand":[],"product_cat":[167],"product_tag":[],"class_list":{"0":"post-2715","1":"product","2":"type-product","3":"status-publish","4":"has-post-thumbnail","6":"product_cat-gunluk-siklik","7":"pa_beden-30","8":"pa_beden-31","9":"pa_beden-32","10":"pa_beden-33","11":"pa_beden-125","13":"first","14":"instock","15":"taxable","16":"shipping-taxable","17":"purchasable","18":"product-type-variable"},"_links":{"self":[{"href":"https:\/\/skbutik.com\/en\/wp-json\/wp\/v2\/product\/2715","targetHints":{"allow":["GET"]}}],"collection":[{"href":"https:\/\/skbutik.com\/en\/wp-json\/wp\/v2\/product"}],"about":[{"href":"https:\/\/skbutik.com\/en\/wp-json\/wp\/v2\/types\/product"}],"replies":[{"embeddable":true,"href":"https:\/\/skbutik.com\/en\/wp-json\/wp\/v2\/comments?post=2715"}],"wp:featuredmedia":[{"embeddable":true,"href":"https:\/\/skbutik.com\/en\/wp-json\/wp\/v2\/media\/2724"}],"wp:attachment":[{"href":"https:\/\/skbutik.com\/en\/wp-json\/wp\/v2\/media?parent=2715"}],"wp:term":[{"taxonomy":"product_brand","embeddable":true,"href":"https:\/\/skbutik.com\/en\/wp-json\/wp\/v2\/product_brand?post=2715"},{"taxonomy":"product_cat","embeddable":true,"href":"https:\/\/skbutik.com\/en\/wp-json\/wp\/v2\/product_cat?post=2715"},{"taxonomy":"product_tag","embeddable":true,"href":"https:\/\/skbutik.com\/en\/wp-json\/wp\/v2\/product_tag?post=2715"}],"curies":[{"name":"wp","href":"https:\/\/api.w.org\/{rel}","templated":true}]}}