{"id":2557,"date":"2025-06-18T14:17:07","date_gmt":"2025-06-18T14:17:07","guid":{"rendered":"https:\/\/skbutik.com\/?post_type=product&#038;p=2557"},"modified":"2026-04-14T05:48:42","modified_gmt":"2026-04-14T02:48:42","slug":"gunluk-siklik-batik-gri-takim","status":"publish","type":"product","link":"https:\/\/skbutik.com\/en\/product\/gunluk-siklik-batik-gri-takim\/","title":{"rendered":"G\u00fcnl\u00fck \u015e\u0131kl\u0131k batik gri Tak\u0131m"},"content":{"rendered":"<p><strong>Benzersizlik:<\/strong> &#8220;Sokaklarda benzerine az rastlayaca\u011f\u0131n\u0131z, sizi kalabal\u0131\u011f\u0131n i\u00e7inde \u00f6ne \u00e7\u0131karacak e\u015fsiz bir tasar\u0131m.&#8221;<\/p>","protected":false},"excerpt":{"rendered":"<p>Benzersizlik: &#8220;Sokaklarda benzerine az rastlayaca\u011f\u0131n\u0131z, sizi kalabal\u0131\u011f\u0131n i\u00e7inde \u00f6ne \u00e7\u0131karacak e\u015fsiz bir tasar\u0131m.&#8221;<\/p>","protected":false},"featured_media":2565,"comment_status":"open","ping_status":"closed","template":"","meta":[],"product_brand":[],"product_cat":[167],"product_tag":[],"class_list":{"0":"post-2557","1":"product","2":"type-product","3":"status-publish","4":"has-post-thumbnail","6":"product_cat-gunluk-siklik","7":"pa_beden-38","9":"first","10":"instock","11":"taxable","12":"shipping-taxable","13":"purchasable","14":"product-type-variable"},"_links":{"self":[{"href":"https:\/\/skbutik.com\/en\/wp-json\/wp\/v2\/product\/2557","targetHints":{"allow":["GET"]}}],"collection":[{"href":"https:\/\/skbutik.com\/en\/wp-json\/wp\/v2\/product"}],"about":[{"href":"https:\/\/skbutik.com\/en\/wp-json\/wp\/v2\/types\/product"}],"replies":[{"embeddable":true,"href":"https:\/\/skbutik.com\/en\/wp-json\/wp\/v2\/comments?post=2557"}],"wp:featuredmedia":[{"embeddable":true,"href":"https:\/\/skbutik.com\/en\/wp-json\/wp\/v2\/media\/2565"}],"wp:attachment":[{"href":"https:\/\/skbutik.com\/en\/wp-json\/wp\/v2\/media?parent=2557"}],"wp:term":[{"taxonomy":"product_brand","embeddable":true,"href":"https:\/\/skbutik.com\/en\/wp-json\/wp\/v2\/product_brand?post=2557"},{"taxonomy":"product_cat","embeddable":true,"href":"https:\/\/skbutik.com\/en\/wp-json\/wp\/v2\/product_cat?post=2557"},{"taxonomy":"product_tag","embeddable":true,"href":"https:\/\/skbutik.com\/en\/wp-json\/wp\/v2\/product_tag?post=2557"}],"curies":[{"name":"wp","href":"https:\/\/api.w.org\/{rel}","templated":true}]}}