{"id":2553,"date":"2025-06-18T13:49:54","date_gmt":"2025-06-18T13:49:54","guid":{"rendered":"https:\/\/skbutik.com\/?post_type=product&#038;p=2553"},"modified":"2026-04-13T05:21:27","modified_gmt":"2026-04-13T02:21:27","slug":"gunluk-siklik-leoparli-takim","status":"publish","type":"product","link":"https:\/\/skbutik.com\/en\/product\/gunluk-siklik-leoparli-takim\/","title":{"rendered":"Leoparl\u0131 Tak\u0131m"},"content":{"rendered":"<p>ster \u015fehirde kahve keyfi yap\u0131n, ister bir \u00f6\u011fle yeme\u011fi randevusuna gidin, isterse de sakin bir pazar y\u00fcr\u00fcy\u00fc\u015f\u00fcne \u00e7\u0131k\u0131n; keten tak\u0131m\u0131n\u0131zla her zaman <strong>bak\u0131ml\u0131 ve stil sahibi<\/strong> g\u00f6r\u00fcneceksiniz. Ketenin k\u0131r\u0131\u015f\u0131kl\u0131klar\u0131 bile ona ayr\u0131 bir <strong>karakter ve do\u011fall\u0131k<\/strong> kat\u0131yor, bu da onu g\u00fcnl\u00fck hayat\u0131n dinamizmine m\u00fckemmel \u015fekilde uyumlu k\u0131l\u0131yor.<\/p>","protected":false},"excerpt":{"rendered":"<p>ster \u015fehirde kahve keyfi yap\u0131n, ister bir \u00f6\u011fle yeme\u011fi randevusuna gidin, isterse de sakin bir pazar y\u00fcr\u00fcy\u00fc\u015f\u00fcne \u00e7\u0131k\u0131n; keten tak\u0131m\u0131n\u0131zla<\/p>","protected":false},"featured_media":2556,"comment_status":"open","ping_status":"closed","template":"","meta":[],"product_brand":[],"product_cat":[167],"product_tag":[],"class_list":{"0":"post-2553","1":"product","2":"type-product","3":"status-publish","4":"has-post-thumbnail","6":"product_cat-gunluk-siklik","7":"pa_beden-37","8":"pa_beden-38","9":"pa_beden-39","10":"pa_beden-29","11":"pa_beden-36-38","12":"pa_beden-38-42","13":"pa_beden-120","14":"pa_beden-31","15":"pa_beden-40-42","16":"pa_beden-32","17":"pa_beden-42-46","18":"pa_beden-33","19":"pa_beden-125","20":"pa_beden-147","21":"pa_beden-fistik-yesil","22":"pa_beden-l","23":"pa_beden-m","24":"pa_beden-m-l","25":"pa_beden-s","26":"pa_beden-s-m","27":"pa_beden-sax","28":"pa_beden-standart","29":"pa_beden-xl","30":"pa_beden-xs","32":"first","33":"instock","34":"sale","35":"taxable","36":"shipping-taxable","37":"purchasable","38":"product-type-simple"},"_links":{"self":[{"href":"https:\/\/skbutik.com\/en\/wp-json\/wp\/v2\/product\/2553","targetHints":{"allow":["GET"]}}],"collection":[{"href":"https:\/\/skbutik.com\/en\/wp-json\/wp\/v2\/product"}],"about":[{"href":"https:\/\/skbutik.com\/en\/wp-json\/wp\/v2\/types\/product"}],"replies":[{"embeddable":true,"href":"https:\/\/skbutik.com\/en\/wp-json\/wp\/v2\/comments?post=2553"}],"wp:featuredmedia":[{"embeddable":true,"href":"https:\/\/skbutik.com\/en\/wp-json\/wp\/v2\/media\/2556"}],"wp:attachment":[{"href":"https:\/\/skbutik.com\/en\/wp-json\/wp\/v2\/media?parent=2553"}],"wp:term":[{"taxonomy":"product_brand","embeddable":true,"href":"https:\/\/skbutik.com\/en\/wp-json\/wp\/v2\/product_brand?post=2553"},{"taxonomy":"product_cat","embeddable":true,"href":"https:\/\/skbutik.com\/en\/wp-json\/wp\/v2\/product_cat?post=2553"},{"taxonomy":"product_tag","embeddable":true,"href":"https:\/\/skbutik.com\/en\/wp-json\/wp\/v2\/product_tag?post=2553"}],"curies":[{"name":"wp","href":"https:\/\/api.w.org\/{rel}","templated":true}]}}