{"id":2537,"date":"2025-06-18T13:05:55","date_gmt":"2025-06-18T13:05:55","guid":{"rendered":"https:\/\/skbutik.com\/?post_type=product&#038;p=2537"},"modified":"2026-04-12T18:50:29","modified_gmt":"2026-04-12T15:50:29","slug":"beyaz-hint-elbise","status":"publish","type":"product","link":"https:\/\/skbutik.com\/en\/product\/beyaz-hint-elbise\/","title":{"rendered":"Beyaz Hint Elbise"},"content":{"rendered":"<p data-sourcepos=\"31:1-31:256\">Hem davetlerin y\u0131ld\u0131z\u0131 hem de sofistike bir ak\u015fam yeme\u011finin vazge\u00e7ilmezi olabilecek bu <strong>tasar\u0131m elbise<\/strong>, aksesuarlarla kolayca bamba\u015fka bir havaya b\u00fcr\u00fcnebilir. Minimal \u015f\u0131kl\u0131k veya iddial\u0131 bir duru\u015f&#8230; Tarz\u0131n\u0131z\u0131 yans\u0131tmakta size s\u0131n\u0131rs\u0131z \u00f6zg\u00fcrl\u00fck sunar.&#8221;<\/p>","protected":false},"excerpt":{"rendered":"<p>Hem davetlerin y\u0131ld\u0131z\u0131 hem de sofistike bir ak\u015fam yeme\u011finin vazge\u00e7ilmezi olabilecek bu tasar\u0131m elbise, aksesuarlarla kolayca bamba\u015fka bir havaya b\u00fcr\u00fcnebilir.<\/p>","protected":false},"featured_media":2539,"comment_status":"open","ping_status":"closed","template":"","meta":[],"product_brand":[],"product_cat":[167],"product_tag":[],"class_list":{"0":"post-2537","1":"product","2":"type-product","3":"status-publish","4":"has-post-thumbnail","6":"product_cat-gunluk-siklik","7":"pa_beden-37","8":"pa_beden-38","9":"pa_beden-39","10":"pa_beden-29","11":"pa_beden-36-38","12":"pa_beden-38-42","13":"pa_beden-120","14":"pa_beden-31","15":"pa_beden-40-42","16":"pa_beden-32","17":"pa_beden-42-46","18":"pa_beden-33","19":"pa_beden-125","20":"pa_beden-147","21":"pa_beden-fistik-yesil","22":"pa_beden-l","23":"pa_beden-m","24":"pa_beden-m-l","25":"pa_beden-s","26":"pa_beden-s-m","27":"pa_beden-sax","28":"pa_beden-standart","29":"pa_beden-xl","30":"pa_beden-xs","32":"first","33":"instock","34":"taxable","35":"shipping-taxable","36":"purchasable","37":"product-type-simple"},"_links":{"self":[{"href":"https:\/\/skbutik.com\/en\/wp-json\/wp\/v2\/product\/2537","targetHints":{"allow":["GET"]}}],"collection":[{"href":"https:\/\/skbutik.com\/en\/wp-json\/wp\/v2\/product"}],"about":[{"href":"https:\/\/skbutik.com\/en\/wp-json\/wp\/v2\/types\/product"}],"replies":[{"embeddable":true,"href":"https:\/\/skbutik.com\/en\/wp-json\/wp\/v2\/comments?post=2537"}],"wp:featuredmedia":[{"embeddable":true,"href":"https:\/\/skbutik.com\/en\/wp-json\/wp\/v2\/media\/2539"}],"wp:attachment":[{"href":"https:\/\/skbutik.com\/en\/wp-json\/wp\/v2\/media?parent=2537"}],"wp:term":[{"taxonomy":"product_brand","embeddable":true,"href":"https:\/\/skbutik.com\/en\/wp-json\/wp\/v2\/product_brand?post=2537"},{"taxonomy":"product_cat","embeddable":true,"href":"https:\/\/skbutik.com\/en\/wp-json\/wp\/v2\/product_cat?post=2537"},{"taxonomy":"product_tag","embeddable":true,"href":"https:\/\/skbutik.com\/en\/wp-json\/wp\/v2\/product_tag?post=2537"}],"curies":[{"name":"wp","href":"https:\/\/api.w.org\/{rel}","templated":true}]}}