{"id":2531,"date":"2025-06-18T13:00:45","date_gmt":"2025-06-18T13:00:45","guid":{"rendered":"https:\/\/skbutik.com\/?post_type=product&#038;p=2531"},"modified":"2026-04-14T06:00:52","modified_gmt":"2026-04-14T03:00:52","slug":"mavi-hint-elbise","status":"publish","type":"product","link":"https:\/\/skbutik.com\/en\/product\/mavi-hint-elbise\/","title":{"rendered":"Mavi Hint Elbise"},"content":{"rendered":"<p data-sourcepos=\"31:1-31:256\">Hem davetlerin y\u0131ld\u0131z\u0131 hem de sofistike bir ak\u015fam yeme\u011finin vazge\u00e7ilmezi olabilecek bu <strong>tasar\u0131m elbise<\/strong>, aksesuarlarla kolayca bamba\u015fka bir havaya b\u00fcr\u00fcnebilir. Minimal \u015f\u0131kl\u0131k veya iddial\u0131 bir duru\u015f&#8230; Tarz\u0131n\u0131z\u0131 yans\u0131tmakta size s\u0131n\u0131rs\u0131z \u00f6zg\u00fcrl\u00fck sunar.&#8221;<\/p>","protected":false},"excerpt":{"rendered":"<p>Hem davetlerin y\u0131ld\u0131z\u0131 hem de sofistike bir ak\u015fam yeme\u011finin vazge\u00e7ilmezi olabilecek bu tasar\u0131m elbise, aksesuarlarla kolayca bamba\u015fka bir havaya b\u00fcr\u00fcnebilir.<\/p>","protected":false},"featured_media":2535,"comment_status":"open","ping_status":"closed","template":"","meta":[],"product_brand":[],"product_cat":[167],"product_tag":[],"class_list":{"0":"post-2531","1":"product","2":"type-product","3":"status-publish","4":"has-post-thumbnail","6":"product_cat-gunluk-siklik","7":"pa_beden-29","8":"pa_beden-30","9":"pa_beden-31","11":"first","12":"instock","13":"taxable","14":"shipping-taxable","15":"purchasable","16":"product-type-variable"},"_links":{"self":[{"href":"https:\/\/skbutik.com\/en\/wp-json\/wp\/v2\/product\/2531","targetHints":{"allow":["GET"]}}],"collection":[{"href":"https:\/\/skbutik.com\/en\/wp-json\/wp\/v2\/product"}],"about":[{"href":"https:\/\/skbutik.com\/en\/wp-json\/wp\/v2\/types\/product"}],"replies":[{"embeddable":true,"href":"https:\/\/skbutik.com\/en\/wp-json\/wp\/v2\/comments?post=2531"}],"wp:featuredmedia":[{"embeddable":true,"href":"https:\/\/skbutik.com\/en\/wp-json\/wp\/v2\/media\/2535"}],"wp:attachment":[{"href":"https:\/\/skbutik.com\/en\/wp-json\/wp\/v2\/media?parent=2531"}],"wp:term":[{"taxonomy":"product_brand","embeddable":true,"href":"https:\/\/skbutik.com\/en\/wp-json\/wp\/v2\/product_brand?post=2531"},{"taxonomy":"product_cat","embeddable":true,"href":"https:\/\/skbutik.com\/en\/wp-json\/wp\/v2\/product_cat?post=2531"},{"taxonomy":"product_tag","embeddable":true,"href":"https:\/\/skbutik.com\/en\/wp-json\/wp\/v2\/product_tag?post=2531"}],"curies":[{"name":"wp","href":"https:\/\/api.w.org\/{rel}","templated":true}]}}