{"id":2514,"date":"2025-06-18T10:52:43","date_gmt":"2025-06-18T10:52:43","guid":{"rendered":"https:\/\/skbutik.com\/?post_type=product&#038;p=2514"},"modified":"2026-04-14T06:11:39","modified_gmt":"2026-04-14T03:11:39","slug":"sari-parduse-c1-parduse-2","status":"publish","type":"product","link":"https:\/\/skbutik.com\/en\/product\/sari-parduse-c1-parduse-2\/","title":{"rendered":"\u015ealvar Tak\u0131m\u0131 \u00dc1"},"content":{"rendered":"<hr data-sourcepos=\"1:1-1:3\" \/>\n<p data-sourcepos=\"2:1-2:253\">\u015ealvar tak\u0131mlar, g\u00fcn\u00fcm\u00fcz modas\u0131nda hem <strong>rahatl\u0131\u011f\u0131<\/strong> hem de <strong>\u015f\u0131kl\u0131\u011f\u0131<\/strong> bir araya getiren, olduk\u00e7a pop\u00fcler giysilerdir. Gelenekselden ilham alsa da, modern kesimler ve kuma\u015flarla harmanlanarak her tarza ve ortama uyum sa\u011flayabilen \u00e7ok y\u00f6nl\u00fc par\u00e7alard\u0131r.<\/p>","protected":false},"excerpt":{"rendered":"<p data-sourcepos=\"7:1-7:132\">Zarafet ve pratikli\u011fin m\u00fckemmel birle\u015fimini mi ar\u0131yorsunuz? <strong>Sar\u0131 Pard\u00fcse C1<\/strong>&#8216;i ve \u00e7ok y\u00f6nl\u00fc <strong>Pard\u00fcse<\/strong> koleksiyonumuzu ke\u015ffedin!<\/p>\n<p data-sourcepos=\"9:1-9:264\">\u0130ster serin ak\u015famlar i\u00e7in \u015f\u0131k bir katman, ister g\u00fcnl\u00fck kombininize sofistike bir dokunu\u015f ar\u0131yor olun, pard\u00fcse tasar\u0131mlar\u0131m\u0131z kusursuz stil ve rahatl\u0131k sunar. <strong>Sar\u0131 Pard\u00fcse C1<\/strong>, kendine \u00f6zg\u00fc cazibesiyle \u00f6ne \u00e7\u0131karak g\u00f6r\u00fcn\u00fcm\u00fcn\u00fcz\u00fc e\u015fsiz bir hava katmay\u0131 vaat ediyor.<\/p>\n<p data-sourcepos=\"11:1-11:128\">Titizlikle haz\u0131rlanm\u0131\u015f pard\u00fcs\u00fclerimizle zamans\u0131z moday\u0131 kucaklay\u0131n; her mevsim zahmetsiz \u015f\u0131kl\u0131\u011f\u0131n\u0131z i\u00e7in vazge\u00e7ilmeziniz olacak.<\/p>","protected":false},"featured_media":2518,"comment_status":"open","ping_status":"closed","template":"","meta":[],"product_brand":[],"product_cat":[167],"product_tag":[],"class_list":{"0":"post-2514","1":"product","2":"type-product","3":"status-publish","4":"has-post-thumbnail","6":"product_cat-gunluk-siklik","7":"pa_beden-29","8":"pa_beden-30","9":"pa_beden-31","11":"first","12":"instock","13":"taxable","14":"shipping-taxable","15":"purchasable","16":"product-type-variable"},"_links":{"self":[{"href":"https:\/\/skbutik.com\/en\/wp-json\/wp\/v2\/product\/2514","targetHints":{"allow":["GET"]}}],"collection":[{"href":"https:\/\/skbutik.com\/en\/wp-json\/wp\/v2\/product"}],"about":[{"href":"https:\/\/skbutik.com\/en\/wp-json\/wp\/v2\/types\/product"}],"replies":[{"embeddable":true,"href":"https:\/\/skbutik.com\/en\/wp-json\/wp\/v2\/comments?post=2514"}],"wp:featuredmedia":[{"embeddable":true,"href":"https:\/\/skbutik.com\/en\/wp-json\/wp\/v2\/media\/2518"}],"wp:attachment":[{"href":"https:\/\/skbutik.com\/en\/wp-json\/wp\/v2\/media?parent=2514"}],"wp:term":[{"taxonomy":"product_brand","embeddable":true,"href":"https:\/\/skbutik.com\/en\/wp-json\/wp\/v2\/product_brand?post=2514"},{"taxonomy":"product_cat","embeddable":true,"href":"https:\/\/skbutik.com\/en\/wp-json\/wp\/v2\/product_cat?post=2514"},{"taxonomy":"product_tag","embeddable":true,"href":"https:\/\/skbutik.com\/en\/wp-json\/wp\/v2\/product_tag?post=2514"}],"curies":[{"name":"wp","href":"https:\/\/api.w.org\/{rel}","templated":true}]}}