{"id":2501,"date":"2025-06-18T08:44:26","date_gmt":"2025-06-18T08:44:26","guid":{"rendered":"https:\/\/skbutik.com\/?post_type=product&#038;p=2501"},"modified":"2026-04-14T05:56:35","modified_gmt":"2026-04-14T02:56:35","slug":"keten-kap-c1-krem","status":"publish","type":"product","link":"https:\/\/skbutik.com\/en\/product\/keten-kap-c1-krem\/","title":{"rendered":"Keten Kap C1 Krem"},"content":{"rendered":"<p data-sourcepos=\"7:1-7:132\">Zarafet ve pratikli\u011fin m\u00fckemmel birle\u015fimini mi ar\u0131yorsunuz? <strong>Sar\u0131 Pard\u00fcse C1<\/strong>&#8216;i ve \u00e7ok y\u00f6nl\u00fc <strong>Pard\u00fcse<\/strong> koleksiyonumuzu ke\u015ffedin!<\/p>\n<p data-sourcepos=\"9:1-9:264\">\u0130ster serin ak\u015famlar i\u00e7in \u015f\u0131k bir katman, ister g\u00fcnl\u00fck kombininize sofistike bir dokunu\u015f ar\u0131yor olun, pard\u00fcse tasar\u0131mlar\u0131m\u0131z kusursuz stil ve rahatl\u0131k sunar. <strong>Sar\u0131 Pard\u00fcse C1<\/strong>, kendine \u00f6zg\u00fc cazibesiyle \u00f6ne \u00e7\u0131karak g\u00f6r\u00fcn\u00fcm\u00fcn\u00fcz\u00fc e\u015fsiz bir hava katmay\u0131 vaat ediyor.<\/p>\n<p data-sourcepos=\"11:1-11:128\">Titizlikle haz\u0131rlanm\u0131\u015f pard\u00fcs\u00fclerimizle zamans\u0131z moday\u0131 kucaklay\u0131n; her mevsim zahmetsiz \u015f\u0131kl\u0131\u011f\u0131n\u0131z i\u00e7in vazge\u00e7ilmeziniz olacak.<\/p>","protected":false},"excerpt":{"rendered":"<h3 data-sourcepos=\"11:1-11:69\"><\/h3>\n<p data-sourcepos=\"13:1-13:259\">Bu se\u00e7enek, ketenin do\u011fal bir elyaf olmas\u0131ndan yola \u00e7\u0131karak, keten kaplar\u0131n cilt dostu \u00f6zellikleri, nefes alabilirli\u011fi ve yaz s\u0131caklar\u0131nda neden ideal bir se\u00e7im oldu\u011fu \u00fczerine yo\u011funla\u015f\u0131r. Daha \u00e7ok malzeme bilimi ve giyim konforu \u00fczerine bir bak\u0131\u015f a\u00e7\u0131s\u0131 sunar.<\/p>","protected":false},"featured_media":2507,"comment_status":"open","ping_status":"closed","template":"","meta":[],"product_brand":[],"product_cat":[167],"product_tag":[],"class_list":{"0":"post-2501","1":"product","2":"type-product","3":"status-publish","4":"has-post-thumbnail","6":"product_cat-gunluk-siklik","8":"first","9":"instock","10":"sale","11":"taxable","12":"shipping-taxable","13":"purchasable","14":"product-type-simple"},"_links":{"self":[{"href":"https:\/\/skbutik.com\/en\/wp-json\/wp\/v2\/product\/2501","targetHints":{"allow":["GET"]}}],"collection":[{"href":"https:\/\/skbutik.com\/en\/wp-json\/wp\/v2\/product"}],"about":[{"href":"https:\/\/skbutik.com\/en\/wp-json\/wp\/v2\/types\/product"}],"replies":[{"embeddable":true,"href":"https:\/\/skbutik.com\/en\/wp-json\/wp\/v2\/comments?post=2501"}],"wp:featuredmedia":[{"embeddable":true,"href":"https:\/\/skbutik.com\/en\/wp-json\/wp\/v2\/media\/2507"}],"wp:attachment":[{"href":"https:\/\/skbutik.com\/en\/wp-json\/wp\/v2\/media?parent=2501"}],"wp:term":[{"taxonomy":"product_brand","embeddable":true,"href":"https:\/\/skbutik.com\/en\/wp-json\/wp\/v2\/product_brand?post=2501"},{"taxonomy":"product_cat","embeddable":true,"href":"https:\/\/skbutik.com\/en\/wp-json\/wp\/v2\/product_cat?post=2501"},{"taxonomy":"product_tag","embeddable":true,"href":"https:\/\/skbutik.com\/en\/wp-json\/wp\/v2\/product_tag?post=2501"}],"curies":[{"name":"wp","href":"https:\/\/api.w.org\/{rel}","templated":true}]}}