{"id":2464,"date":"2025-06-17T17:50:20","date_gmt":"2025-06-17T17:50:20","guid":{"rendered":"https:\/\/skbutik.com\/?post_type=product&#038;p=2464"},"modified":"2026-04-14T05:44:52","modified_gmt":"2026-04-14T02:44:52","slug":"bordo-gomlek-tasli","status":"publish","type":"product","link":"https:\/\/skbutik.com\/en\/product\/bordo-gomlek-tasli\/","title":{"rendered":"Bordo G\u00f6mlek Ta\u015fl\u0131"},"content":{"rendered":"<p>SK Butik olarak, her kad\u0131n\u0131n i\u00e7indeki e\u015fsiz zarafeti ve g\u00fcc\u00fc ortaya \u00e7\u0131karacak \u00f6zel tasar\u0131m par\u00e7alar sunmaktan gurur duyuyoruz. \u0130ster \u00f6zel bir davette g\u00f6z kama\u015ft\u0131rmak isteyin, ister g\u00fcnl\u00fck \u015f\u0131kl\u0131\u011f\u0131n\u0131za sofistike bir dokunu\u015f kat\u0131n; koleksiyonumuzdaki her bir par\u00e7a, tarz\u0131n\u0131z\u0131 y\u00fcceltmek ve kendinizi iyi hissetmenizi sa\u011flamak i\u00e7in tasarland\u0131.<\/p>","protected":false},"excerpt":{"rendered":"<p>SK Butik olarak, her kad\u0131n\u0131n i\u00e7indeki e\u015fsiz zarafeti ve g\u00fcc\u00fc ortaya \u00e7\u0131karacak \u00f6zel tasar\u0131m par\u00e7alar sunmaktan gurur duyuyoruz. \u0130ster \u00f6zel<\/p>","protected":false},"featured_media":2465,"comment_status":"open","ping_status":"closed","template":"","meta":[],"product_brand":[],"product_cat":[167],"product_tag":[],"class_list":{"0":"post-2464","1":"product","2":"type-product","3":"status-publish","4":"has-post-thumbnail","6":"product_cat-gunluk-siklik","7":"pa_beden-std","9":"first","10":"outofstock","11":"taxable","12":"shipping-taxable","13":"purchasable","14":"product-type-variable"},"_links":{"self":[{"href":"https:\/\/skbutik.com\/en\/wp-json\/wp\/v2\/product\/2464","targetHints":{"allow":["GET"]}}],"collection":[{"href":"https:\/\/skbutik.com\/en\/wp-json\/wp\/v2\/product"}],"about":[{"href":"https:\/\/skbutik.com\/en\/wp-json\/wp\/v2\/types\/product"}],"replies":[{"embeddable":true,"href":"https:\/\/skbutik.com\/en\/wp-json\/wp\/v2\/comments?post=2464"}],"wp:featuredmedia":[{"embeddable":true,"href":"https:\/\/skbutik.com\/en\/wp-json\/wp\/v2\/media\/2465"}],"wp:attachment":[{"href":"https:\/\/skbutik.com\/en\/wp-json\/wp\/v2\/media?parent=2464"}],"wp:term":[{"taxonomy":"product_brand","embeddable":true,"href":"https:\/\/skbutik.com\/en\/wp-json\/wp\/v2\/product_brand?post=2464"},{"taxonomy":"product_cat","embeddable":true,"href":"https:\/\/skbutik.com\/en\/wp-json\/wp\/v2\/product_cat?post=2464"},{"taxonomy":"product_tag","embeddable":true,"href":"https:\/\/skbutik.com\/en\/wp-json\/wp\/v2\/product_tag?post=2464"}],"curies":[{"name":"wp","href":"https:\/\/api.w.org\/{rel}","templated":true}]}}