{"id":2463,"date":"2025-06-17T17:50:17","date_gmt":"2025-06-17T17:50:17","guid":{"rendered":"https:\/\/skbutik.com\/?post_type=product&#038;p=2463"},"modified":"2026-04-13T05:19:15","modified_gmt":"2026-04-13T02:19:15","slug":"elma-yesili-gomlek-2","status":"publish","type":"product","link":"https:\/\/skbutik.com\/en\/product\/elma-yesili-gomlek-2\/","title":{"rendered":"Elma Ye\u015fili G\u00f6mlek"},"content":{"rendered":"<p>Her duruma uyum sa\u011flayan, gard\u0131robunuzun joker par\u00e7as\u0131! Y\u00fcksek kaliteli kuma\u015f\u0131 sayesinde uzun \u00f6m\u00fcrl\u00fc kullan\u0131m sunan bu <strong>g\u00f6mlek<\/strong>, jeanlerle casual, klasik pantolonlarla ise resmi bir g\u00f6r\u00fcn\u00fcm yakalaman\u0131z\u0131 sa\u011flar. Tarz\u0131n\u0131z\u0131 yans\u0131tmak hi\u00e7 bu kadar kolay olmam\u0131\u015ft\u0131!&#8221;<\/p>","protected":false},"excerpt":{"rendered":"<p>Her duruma uyum sa\u011flayan, gard\u0131robunuzun joker par\u00e7as\u0131! Y\u00fcksek kaliteli kuma\u015f\u0131 sayesinde uzun \u00f6m\u00fcrl\u00fc kullan\u0131m sunan bu g\u00f6mlek, jeanlerle casual, klasik<\/p>","protected":false},"featured_media":2455,"comment_status":"open","ping_status":"closed","template":"","meta":[],"product_brand":[],"product_cat":[167],"product_tag":[],"class_list":{"0":"post-2463","1":"product","2":"type-product","3":"status-publish","4":"has-post-thumbnail","6":"product_cat-gunluk-siklik","7":"pa_beden-37","8":"pa_beden-38","9":"pa_beden-39","10":"pa_renk-elma-yesili","11":"pa_renk-vizon","13":"first","14":"outofstock","15":"sale","16":"taxable","17":"shipping-taxable","18":"purchasable","19":"product-type-variable"},"_links":{"self":[{"href":"https:\/\/skbutik.com\/en\/wp-json\/wp\/v2\/product\/2463","targetHints":{"allow":["GET"]}}],"collection":[{"href":"https:\/\/skbutik.com\/en\/wp-json\/wp\/v2\/product"}],"about":[{"href":"https:\/\/skbutik.com\/en\/wp-json\/wp\/v2\/types\/product"}],"replies":[{"embeddable":true,"href":"https:\/\/skbutik.com\/en\/wp-json\/wp\/v2\/comments?post=2463"}],"wp:featuredmedia":[{"embeddable":true,"href":"https:\/\/skbutik.com\/en\/wp-json\/wp\/v2\/media\/2455"}],"wp:attachment":[{"href":"https:\/\/skbutik.com\/en\/wp-json\/wp\/v2\/media?parent=2463"}],"wp:term":[{"taxonomy":"product_brand","embeddable":true,"href":"https:\/\/skbutik.com\/en\/wp-json\/wp\/v2\/product_brand?post=2463"},{"taxonomy":"product_cat","embeddable":true,"href":"https:\/\/skbutik.com\/en\/wp-json\/wp\/v2\/product_cat?post=2463"},{"taxonomy":"product_tag","embeddable":true,"href":"https:\/\/skbutik.com\/en\/wp-json\/wp\/v2\/product_tag?post=2463"}],"curies":[{"name":"wp","href":"https:\/\/api.w.org\/{rel}","templated":true}]}}