{"id":2453,"date":"2025-06-17T17:44:17","date_gmt":"2025-06-17T17:44:17","guid":{"rendered":"https:\/\/skbutik.com\/?post_type=product&#038;p=2453"},"modified":"2026-04-14T05:48:17","modified_gmt":"2026-04-14T02:48:17","slug":"gul-detayli-gomlek-2","status":"publish","type":"product","link":"https:\/\/skbutik.com\/en\/product\/gul-detayli-gomlek-2\/","title":{"rendered":"G\u00fcl Detayl\u0131 G\u00f6mlek"},"content":{"rendered":"<p>G\u00fcn boyu s\u00fcren konfor ve zahmetsiz \u015f\u0131kl\u0131k arayanlara \u00f6zel! Bu <strong>g\u00f6mlek<\/strong>, nefes alabilen kuma\u015f\u0131 ve modern kesimiyle hem i\u015f hayat\u0131n\u0131zda hem de sosyal etkinliklerinizde size e\u015flik edecek. Giy \u00e7\u0131k rahatl\u0131\u011f\u0131yla gard\u0131robunuzun vazge\u00e7ilmezi olmaya aday!&#8221;<\/p>","protected":false},"excerpt":{"rendered":"<p>G\u00fcn boyu s\u00fcren konfor ve zahmetsiz \u015f\u0131kl\u0131k arayanlara \u00f6zel! Bu g\u00f6mlek, nefes alabilen kuma\u015f\u0131 ve modern kesimiyle hem i\u015f hayat\u0131n\u0131zda<\/p>","protected":false},"featured_media":2444,"comment_status":"open","ping_status":"closed","template":"","meta":[],"product_brand":[],"product_cat":[167],"product_tag":[],"class_list":{"0":"post-2453","1":"product","2":"type-product","3":"status-publish","4":"has-post-thumbnail","6":"product_cat-gunluk-siklik","8":"first","9":"outofstock","10":"taxable","11":"shipping-taxable","12":"purchasable","13":"product-type-simple"},"_links":{"self":[{"href":"https:\/\/skbutik.com\/en\/wp-json\/wp\/v2\/product\/2453","targetHints":{"allow":["GET"]}}],"collection":[{"href":"https:\/\/skbutik.com\/en\/wp-json\/wp\/v2\/product"}],"about":[{"href":"https:\/\/skbutik.com\/en\/wp-json\/wp\/v2\/types\/product"}],"replies":[{"embeddable":true,"href":"https:\/\/skbutik.com\/en\/wp-json\/wp\/v2\/comments?post=2453"}],"wp:featuredmedia":[{"embeddable":true,"href":"https:\/\/skbutik.com\/en\/wp-json\/wp\/v2\/media\/2444"}],"wp:attachment":[{"href":"https:\/\/skbutik.com\/en\/wp-json\/wp\/v2\/media?parent=2453"}],"wp:term":[{"taxonomy":"product_brand","embeddable":true,"href":"https:\/\/skbutik.com\/en\/wp-json\/wp\/v2\/product_brand?post=2453"},{"taxonomy":"product_cat","embeddable":true,"href":"https:\/\/skbutik.com\/en\/wp-json\/wp\/v2\/product_cat?post=2453"},{"taxonomy":"product_tag","embeddable":true,"href":"https:\/\/skbutik.com\/en\/wp-json\/wp\/v2\/product_tag?post=2453"}],"curies":[{"name":"wp","href":"https:\/\/api.w.org\/{rel}","templated":true}]}}