{"id":2381,"date":"2025-06-18T12:53:49","date_gmt":"2025-06-18T12:53:49","guid":{"rendered":"https:\/\/skbutik.com\/?post_type=product&#038;p=2381"},"modified":"2026-04-14T06:13:00","modified_gmt":"2026-04-14T03:13:00","slug":"siyah-elbise-hint-elbise","status":"publish","type":"product","link":"https:\/\/skbutik.com\/en\/product\/siyah-elbise-hint-elbise\/","title":{"rendered":"Siyah Elbise Hint Elbise"},"content":{"rendered":"<p data-sourcepos=\"31:1-31:256\">Hem davetlerin y\u0131ld\u0131z\u0131 hem de sofistike bir ak\u015fam yeme\u011finin vazge\u00e7ilmezi olabilecek bu <strong>tasar\u0131m elbise<\/strong>, aksesuarlarla kolayca bamba\u015fka bir havaya b\u00fcr\u00fcnebilir. Minimal \u015f\u0131kl\u0131k veya iddial\u0131 bir duru\u015f&#8230; Tarz\u0131n\u0131z\u0131 yans\u0131tmakta size s\u0131n\u0131rs\u0131z \u00f6zg\u00fcrl\u00fck sunar.&#8221;<\/p>","protected":false},"excerpt":{"rendered":"<p>Hem davetlerin y\u0131ld\u0131z\u0131 hem de sofistike bir ak\u015fam yeme\u011finin vazge\u00e7ilmezi olabilecek bu tasar\u0131m elbise, aksesuarlarla kolayca bamba\u015fka bir havaya b\u00fcr\u00fcnebilir.<\/p>","protected":false},"featured_media":2527,"comment_status":"open","ping_status":"closed","template":"","meta":[],"product_brand":[],"product_cat":[167],"product_tag":[],"class_list":{"0":"post-2381","1":"product","2":"type-product","3":"status-publish","4":"has-post-thumbnail","6":"product_cat-gunluk-siklik","7":"pa_beden-29","8":"pa_beden-30","9":"pa_beden-31","10":"pa_beden-32","11":"pa_beden-33","12":"pa_beden-125","14":"first","15":"instock","16":"sale","17":"taxable","18":"shipping-taxable","19":"purchasable","20":"product-type-variable"},"_links":{"self":[{"href":"https:\/\/skbutik.com\/en\/wp-json\/wp\/v2\/product\/2381","targetHints":{"allow":["GET"]}}],"collection":[{"href":"https:\/\/skbutik.com\/en\/wp-json\/wp\/v2\/product"}],"about":[{"href":"https:\/\/skbutik.com\/en\/wp-json\/wp\/v2\/types\/product"}],"replies":[{"embeddable":true,"href":"https:\/\/skbutik.com\/en\/wp-json\/wp\/v2\/comments?post=2381"}],"wp:featuredmedia":[{"embeddable":true,"href":"https:\/\/skbutik.com\/en\/wp-json\/wp\/v2\/media\/2527"}],"wp:attachment":[{"href":"https:\/\/skbutik.com\/en\/wp-json\/wp\/v2\/media?parent=2381"}],"wp:term":[{"taxonomy":"product_brand","embeddable":true,"href":"https:\/\/skbutik.com\/en\/wp-json\/wp\/v2\/product_brand?post=2381"},{"taxonomy":"product_cat","embeddable":true,"href":"https:\/\/skbutik.com\/en\/wp-json\/wp\/v2\/product_cat?post=2381"},{"taxonomy":"product_tag","embeddable":true,"href":"https:\/\/skbutik.com\/en\/wp-json\/wp\/v2\/product_tag?post=2381"}],"curies":[{"name":"wp","href":"https:\/\/api.w.org\/{rel}","templated":true}]}}