{"id":424,"date":"2023-10-19T14:17:54","date_gmt":"2023-10-19T14:17:54","guid":{"rendered":"https:\/\/skbutik.com\/?page_id=424"},"modified":"2023-10-19T14:17:54","modified_gmt":"2023-10-19T14:17:54","slug":"iptal-ve-iade-politikasi","status":"publish","type":"page","link":"https:\/\/skbutik.com\/en\/iptal-ve-iade-politikasi\/","title":{"rendered":"\u0130ptal ve \u0130ade Politikas\u0131"},"content":{"rendered":"<div class=\"wpb-content-wrapper\"><div class=\"vc_row wpb_row vc_row-fluid\"><div class=\"wpb_column vc_column_container vc_col-sm-12\"><div class=\"vc_column-inner\"><div class=\"wpb_wrapper\">\n\t<div class=\"wpb_text_column wpb_content_element\" >\n\t\t<div class=\"wpb_wrapper\">\n\t\t\t<h2 style=\"text-align: center;\">\u0130ptal ve \u0130ade Politikas\u0131<\/h2>\n\n\t\t<\/div>\n\t<\/div>\n\n\t<div class=\"wpb_text_column wpb_content_element\" >\n\t\t<div class=\"wpb_wrapper\">\n\t\t\t<p>\u0130ADE \u015eARTLARI<\/p>\n<p>\u015eirketimiz, t\u00fcketici haklar\u0131n\u0131 korumakta ve sat\u0131\u015f sonras\u0131 m\u00fc\u015fteri memnuniyetini en \u00f6n planda tutmaktad\u0131r. Sat\u0131n ald\u0131\u011f\u0131n\u0131z \u00fcr\u00fcnlerle ilgili ya\u015fayabilece\u011finiz memnuniyetsizlik, \u00fcretim ve servis kaynakl\u0131 her t\u00fcrl\u00fc sorun, titizlikle de\u011ferlendirilmekte ve en k\u0131sa s\u00fcrede \u00e7\u00f6z\u00fcme kavu\u015fturulmaktad\u0131r.\u00dcr\u00fcn iadesi konusunda sizlere daha iyi ve h\u0131zl\u0131 bir \u015fekilde hizmet verebilmemiz i\u00e7in gerekli olan \u015fartlar\u0131 a\u015fa\u011f\u0131da bulabilirsiniz; Bunlardan herhangi birinin eksik olmas\u0131 durumunda \u00fcr\u00fcn iadesi kabul edilmemektedir.<\/p>\n<p>\u0130ADE \u0130\u00c7\u0130N \u0130STED\u0130KLER\u0130M\u0130Z<\/p>\n<p>1. \u0130ADE ED\u0130LECEK \u00dcR\u00dcN<br \/>\n2. \u0130ADE ED\u0130LECEK \u00dcR\u00dcN\u00dcN FATURASI (T\u00fcm n\u00fcshalar\u0131 ile birlikte, 2 n\u00fcsha g\u00f6nderilmektedir)<\/p>\n<p>D\u0130\u011eER \u015eARTLAR ve \u0130ADE KARGO \u00dcCRETLER\u0130 HAKKINDA<\/p>\n<p>a- Al\u0131c\u0131n\u0131n yanl\u0131\u015f \u00fcr\u00fcn almas\u0131, de\u011fi\u015fim ve iade istemesi durumunda kargo \u00fccreti al\u0131c\u0131ya aittir.<br \/>\nb- \u0130ade etmek istedi\u011finiz \u00fcr\u00fcn \/ \u00fcr\u00fcnler ay\u0131pl\u0131 ise anla\u015fmal\u0131 kargo firmalar\u0131m\u0131zla g\u00f6nderildi\u011fi taktirde, kargo \u00fccreti firmam\u0131z taraf\u0131ndan kar\u015f\u0131lanmaktad\u0131r.<\/p>\n<p>ALICI: SK Butik<\/p>\n<p>MA\u011eAZA ADRES: YEN\u0130CE MAH, BELED\u0130YE MEYDANI SK NO:22 \u0130NEG\u00d6L\/BURSA\/TURKEY<\/p>\n<p>TEL: 0530 382 29 59<\/p>\n<p>1. \u0130ADE ED\u0130LECEK \u00dcR\u00dcN<\/p>\n<p>a- Kullan\u0131lm\u0131\u015f veya hasar g\u00f6rm\u00fc\u015f \u00fcr\u00fcnlerin iadesi kabul edilmez.<br \/>\nb- \u0130ade edilecek \u00fcr\u00fcn\u00fcn, 14 g\u00fcn i\u00e7erisinde teslim al\u0131nd\u0131\u011f\u0131 \u015fekilde, standart aksesuarlar\u0131 ile birlikte eksiksiz ve hasars\u0131z olarak teslim edilmesi gerekmektedir.<\/p>\n<p>c- Ki\u015fiye \u00f6zel logolu, isimli yap\u0131lm\u0131\u015f \u00fcr\u00fcn iade edilmez.<\/p>\n<p>2. \u0130ADE ED\u0130LECEK \u00dcR\u00dcN\u00dcN FATURASI<\/p>\n<p>a- \u0130ade i\u015flemi i\u00e7in \u00fcr\u00fcn\u00fcn faturas\u0131n\u0131n tam g\u00f6nderilmesi gerekmektedir.Fatura m\u00fc\u015fteriye 2 n\u00fcsha g\u00f6nderilmektedir, iadelerde 2 n\u00fcshas\u0131da g\u00f6nderilmelidir.<\/p>\n<p>\u0130ADE ED\u0130LECEK \u00dcR\u00dcN\u00dcN G\u00d6NDER\u0130LMES\u0130<\/p>\n<p>\u0130ade edilecek \u00fcr\u00fcn sadece anla\u015fmal\u0131 oldu\u011fumuz taraf\u0131ndan teslim al\u0131nabilir. Bunun d\u0131\u015f\u0131nda herhangi bir kargo \u015firketiyle elimize ula\u015fan \u00fcr\u00fcnlerin iadesi kargo \u00fccreti kar\u015f\u0131lanmas\u0131 durumunda kabul edilecektir, aksi halde kabul edilmemektedir.<br \/>\nGenel iade \u015fartlar\u0131 a\u015fa\u011f\u0131daki gibidir;<br \/>\n\u2013 \u0130adeler tekrar sat\u0131labilirlik \u00f6zelli\u011fini kaybetmi\u015f, ba\u015fka bir m\u00fc\u015fteri taraf\u0131ndan sat\u0131n al\u0131namayacak durumda olan \u00fcr\u00fcnlerin iadesi kabul edilmemektedir.<br \/>\n-Kargo koli band\u0131 ile bantlanm\u0131\u015f \u00fcr\u00fcnler kabul edilmemektedir.<br \/>\n\u2013 \u0130ade etmek istedi\u011finiz \u00fcr\u00fcn ile birlikte orijinal fatura (sizdeki b\u00fct\u00fcn kopyalar\u0131) g\u00f6ndermeniz gerekmektedir.<br \/>\n\u2013 \u0130ade etmek istedi\u011finiz \u00fcr\u00fcn \/ \u00fcr\u00fcnler ay\u0131pl\u0131 ise kargo \u00fccreti firmam\u0131z taraf\u0131ndan kar\u015f\u0131lanmaktad\u0131r. Bu durumda da anla\u015fmal\u0131 kargolar ile g\u00f6nderim yapman\u0131z gerekir. Di\u011fer durumlarda ise kargo \u00fccreti size aittir.<\/p>\n<p>Bilgi \u0130\u00e7in: 0530 382 29 59<\/p>\n\n\t\t<\/div>\n\t<\/div>\n<\/div><\/div><\/div><\/div>\n<\/div>","protected":false},"excerpt":{"rendered":"\u0130ptal ve \u0130ade Politikas\u0131 \u0130ADE \u015eARTLARI \u015eirketimiz, t\u00fcketici haklar\u0131n\u0131 korumakta ve sat\u0131\u015f sonras\u0131 m\u00fc\u015fteri memnuniyetini en \u00f6n planda tutmaktad\u0131r. Sat\u0131n","protected":false},"author":1,"featured_media":0,"parent":0,"menu_order":0,"comment_status":"closed","ping_status":"closed","template":"","meta":{"footnotes":""},"class_list":["post-424","page","type-page","status-publish","hentry"],"_links":{"self":[{"href":"https:\/\/skbutik.com\/en\/wp-json\/wp\/v2\/pages\/424","targetHints":{"allow":["GET"]}}],"collection":[{"href":"https:\/\/skbutik.com\/en\/wp-json\/wp\/v2\/pages"}],"about":[{"href":"https:\/\/skbutik.com\/en\/wp-json\/wp\/v2\/types\/page"}],"author":[{"embeddable":true,"href":"https:\/\/skbutik.com\/en\/wp-json\/wp\/v2\/users\/1"}],"replies":[{"embeddable":true,"href":"https:\/\/skbutik.com\/en\/wp-json\/wp\/v2\/comments?post=424"}],"version-history":[{"count":1,"href":"https:\/\/skbutik.com\/en\/wp-json\/wp\/v2\/pages\/424\/revisions"}],"predecessor-version":[{"id":426,"href":"https:\/\/skbutik.com\/en\/wp-json\/wp\/v2\/pages\/424\/revisions\/426"}],"wp:attachment":[{"href":"https:\/\/skbutik.com\/en\/wp-json\/wp\/v2\/media?parent=424"}],"curies":[{"name":"wp","href":"https:\/\/api.w.org\/{rel}","templated":true}]}}