{"id":353,"date":"2023-09-29T11:39:01","date_gmt":"2023-09-29T11:39:01","guid":{"rendered":"https:\/\/skbutik.com\/?page_id=353"},"modified":"2023-10-07T09:08:45","modified_gmt":"2023-10-07T09:08:45","slug":"guvenli-alisveris","status":"publish","type":"page","link":"https:\/\/skbutik.com\/en\/guvenli-alisveris\/","title":{"rendered":"G\u00fcvenli Al\u0131\u015fveri\u015f"},"content":{"rendered":"<div class=\"wpb-content-wrapper\"><div class=\"vc_row wpb_row vc_row-fluid\"><div class=\"wpb_column vc_column_container vc_col-sm-12\"><div class=\"vc_column-inner\"><div class=\"wpb_wrapper\">\n\t<div class=\"wpb_text_column wpb_content_element\" >\n\t\t<div class=\"wpb_wrapper\">\n\t\t\t<h2 style=\"text-align: center;\">G\u00fcvenli Al\u0131\u015fveri\u015f<\/h2>\n\n\t\t<\/div>\n\t<\/div>\n\n\t<div class=\"wpb_text_column wpb_content_element\" >\n\t\t<div class=\"wpb_wrapper\">\n\t\t\t<p>Al\u0131\u015fveri\u015finizi daha g\u00fcvenli yapabilmeniz i\u00e7in skbutik.com SSL g\u00fcvenlik sertifikas\u0131 kullanmaktad\u0131r.<\/p>\n<p>SK Butik \u2018Kredi kart\u0131 bilgilerinizi\u2019 sadece sat\u0131n alma a\u015famalar\u0131nda kullanmaktad\u0131r. Ba\u015fka hi\u00e7 bir i\u015flem i\u00e7in kay\u0131t alt\u0131nda tutmaz. SSL sertifikas\u0131 kullan\u0131m\u0131yla bilgileriniz sadece SK Butik taraf\u0131nda sat\u0131n alma a\u015famas\u0131nda kullan\u0131l\u0131r.<\/p>\n\n\t\t<\/div>\n\t<\/div>\n<\/div><\/div><\/div><\/div>\n<\/div>","protected":false},"excerpt":{"rendered":"G\u00fcvenli Al\u0131\u015fveri\u015f Al\u0131\u015fveri\u015finizi daha g\u00fcvenli yapabilmeniz i\u00e7in skbutik.com SSL g\u00fcvenlik sertifikas\u0131 kullanmaktad\u0131r. SK Butik \u2018Kredi kart\u0131 bilgilerinizi\u2019 sadece sat\u0131n alma","protected":false},"author":1,"featured_media":0,"parent":0,"menu_order":0,"comment_status":"closed","ping_status":"closed","template":"","meta":{"footnotes":""},"class_list":["post-353","page","type-page","status-publish","hentry"],"_links":{"self":[{"href":"https:\/\/skbutik.com\/en\/wp-json\/wp\/v2\/pages\/353","targetHints":{"allow":["GET"]}}],"collection":[{"href":"https:\/\/skbutik.com\/en\/wp-json\/wp\/v2\/pages"}],"about":[{"href":"https:\/\/skbutik.com\/en\/wp-json\/wp\/v2\/types\/page"}],"author":[{"embeddable":true,"href":"https:\/\/skbutik.com\/en\/wp-json\/wp\/v2\/users\/1"}],"replies":[{"embeddable":true,"href":"https:\/\/skbutik.com\/en\/wp-json\/wp\/v2\/comments?post=353"}],"version-history":[{"count":2,"href":"https:\/\/skbutik.com\/en\/wp-json\/wp\/v2\/pages\/353\/revisions"}],"predecessor-version":[{"id":403,"href":"https:\/\/skbutik.com\/en\/wp-json\/wp\/v2\/pages\/353\/revisions\/403"}],"wp:attachment":[{"href":"https:\/\/skbutik.com\/en\/wp-json\/wp\/v2\/media?parent=353"}],"curies":[{"name":"wp","href":"https:\/\/api.w.org\/{rel}","templated":true}]}}