{"id":350,"date":"2023-09-29T11:33:55","date_gmt":"2023-09-29T11:33:55","guid":{"rendered":"https:\/\/skbutik.com\/?page_id=350"},"modified":"2023-09-29T11:33:55","modified_gmt":"2023-09-29T11:33:55","slug":"kvkk","status":"publish","type":"page","link":"https:\/\/skbutik.com\/en\/kvkk\/","title":{"rendered":"KVKK"},"content":{"rendered":"<div class=\"wpb-content-wrapper\"><div class=\"vc_row wpb_row vc_row-fluid\"><div class=\"wpb_column vc_column_container vc_col-sm-12\"><div class=\"vc_column-inner\"><div class=\"wpb_wrapper\">\n\t<div class=\"wpb_text_column wpb_content_element\" >\n\t\t<div class=\"wpb_wrapper\">\n\t\t\t<h2 style=\"text-align: center;\">Gizlilik Kurallar\u0131, Site Kullan\u0131m \u015eartlar\u0131 ve \u0130leti\u015fimler ile Ki\u015fisel Verilerinize \u0130li\u015fkin Bilgilendirme (KVKK)<\/h2>\n\n\t\t<\/div>\n\t<\/div>\n\n\t<div class=\"wpb_text_column wpb_content_element\" >\n\t\t<div class=\"wpb_wrapper\">\n\t\t\t<p>Gizlilik Kurallar\u0131, Site Kullan\u0131m \u015eartlar\u0131 ve \u0130leti\u015fimler ile Ki\u015fisel Verilerinize \u0130li\u015fkin Bilgilendirme<br \/>\nDe\u011ferli Site Ziyaret\u00e7ilerimiz, M\u00fc\u015fterilerimiz, \u00dcyelerimiz,<\/p>\n<p>Gizlilik Kurallar\u0131m\u0131z, \u0130leti\u015fimler, Site Kullan\u0131m \u015eartlar\u0131 ve Ki\u015fisel Verilerinizin \u0130\u015flenmesi ile ilgili uygulamalar\u0131m\u0131z ve Kisisel Verilerin Korunmas\u0131 Kanunu kapsam\u0131ndaki haklar\u0131n\u0131z hususunda sizleri bilgilendirmek isteriz.<\/p>\n<p>\u015eirketimiz SK Butik Ma\u011fazac\u0131l\u0131k ve www.skbutik.com Sitemizde (mobil uygulamas\u0131 dahil), ziyaret\u00e7i-\u00fcye-m\u00fc\u015fteri (bundan b\u00f6yle k\u0131saca Ziyaret\u00e7i(ler) diye an\u0131lacakt\u0131r) bilgilerinin gizlili\u011fi, ki\u015fisel verilerin (bilgilerin) korunmas\u0131, saklanmas\u0131, i\u015flenmesi-kullan\u0131m\u0131-imhas\u0131, ticari elektronik ileti\u015fimler ve di\u011fer hususlarda, a\u015fa\u011f\u0131da cari esaslar\u0131 belirtilen Gizlilik Kurallar\u0131-Politikas\u0131 ve Uygulama-Kullan\u0131m \u015eartlar\u0131 ge\u00e7erlidir.<\/p>\n<p>Bilgilerin Korunmas\u0131<\/p>\n<p>Ziyaret\u00e7iler taraf\u0131ndan verilen ve taraflar\u0131ndan edinilen bilgilerin ve i\u015flemlerinin g\u00fcvenli\u011fi i\u00e7in gerekli \u00f6nlemler bilgi ve i\u015flemin mahiyetine g\u00f6re \u015eirketimiz veya ilgili kurulu\u015fca sistemlerde ve internet altyap\u0131s\u0131nda, teknolojik imkanlar ve maliyet unsurlar\u0131 dahilinde, uygun teknik ve idari y\u00f6ntemler ile al\u0131nm\u0131\u015ft\u0131r.<\/p>\n<p>Sitemizi kullan\u0131mlar\u0131n\u0131zda (varsa) t\u00fcm kredi kart\u0131 i\u015flemleri ve onaylar\u0131 \u015eirketimiz&#8217;den ba\u011f\u0131ms\u0131z olarak ilgili Banka veya Kart Kurulu\u015flar\u0131nca online olarak aran\u0131zda ger\u00e7ekle\u015ftirilmekte olup Kredi kart\u0131 &#8220;\u015fifresi&#8221; gibi bilgiler \u015eirketimiz taraf\u0131ndan g\u00f6r\u00fclmez ve kaydedilmez.<\/p>\n<p>Sitemize \u00fcyelik, (varsa) \u00fcr\u00fcn\/hizmet sat\u0131n alma ve bilgi g\u00fcncelleme ama\u00e7l\u0131 girilen bilgiler, keza kredi kart\u0131 ve banka kartlar\u0131na ait gizli bilgiler, di\u011fer internet kullan\u0131c\u0131lar\u0131 taraf\u0131ndan g\u00f6r\u00fcnt\u00fclenemez.<\/p>\n<p>Bilgilerin Toplama Y\u00f6ntemleri, \u0130\u015flenme-Aktar\u0131m Amac\u0131 ve Ki\u015fisel Veri \u0130\u015flemleri<\/p>\n<p>Gizliliklerinin korunmas\u0131 i\u00e7in gereken tedbirler al\u0131nmak ve ki\u015fisel verilerin i\u015flenmesine dair t\u00fcm yasal ilkeler ile ki\u015fisel veri saklama-imha politikalar\u0131na uygun olmak \u00fczere;, kanunen zorunlu ise baz\u0131 uygulamalar i\u00e7in ayr\u0131ca izni de rica edilerek; Ziyaret\u00e7ilerimizin fiziki ve sanal i\u015fletmeleri ziyaret, al\u0131\u015fveri\u015f ve ileti\u015fim bilgileri ile a\u015fa\u011f\u0131da detayl\u0131 belirtilen di\u011fer ki\u015fisel bilgileri,<\/p>\n<p>Veri Sorumlusu \u015eirketimiz SK Butik Ma\u011fazac\u0131l\u0131k (*) ve keza \u015eirketiniz-an\u0131lanlar\u0131n ortaklar\u0131-i\u015f ortaklar\u0131, halefleri, servis sa\u011flay\u0131c\u0131lar\u0131-tedarik\u00e7ileri ve belirlenecek (sosyal medya-online reklam i\u015fletmecileri dahil) di\u011fer i\u015flenme amac\u0131n\u0131n gerektirdi\u011fi \u00fc\u00e7\u00fcnc\u00fc ki\u015filer\/kurulu\u015flar (duruma g\u00f6re veri sorumlular\u0131, i\u015fleyenler ve\/veya al\u0131c\u0131 gruplar\u0131) taraf\u0131ndan ve aras\u0131nda,<br \/>\ngerek ald\u0131klar\u0131 veya ilgilendikleri \u00fcr\u00fcn-hizmetler ile ilgili m\u00fc\u015fteri deneyimleri, t\u00fcketici haklar\u0131, m\u00fc\u015fteri\/\u00fcye hizmetleri ve bunlara ili\u015fkin ticari-mali ve hukuki sorumluluk-y\u00fck\u00fcml\u00fcl\u00fcklerin ger\u00e7ekle\u015ftirilmesine dair yasal nedenlerle, gerek genel ve ki\u015fiye \u00f6zel \u00fcr\u00fcn-hizmet ve imkanlardan yararland\u0131r\u0131labilmeleri i\u00e7in ve gerek ise her t\u00fcrl\u00fc \u00fcr\u00fcn-hizmet tan\u0131t\u0131m\u0131, reklam, ileti\u015fim, promosyon, sat\u0131\u015f, pazarlama, ma\u011faza kart\u0131, kredi kart\u0131 ve kullan\u0131c\u0131\/\u00fcyelik\/m\u00fc\u015fteri bilgilendirmeleri, i\u015flemleri ve uygulamalar\u0131 yap\u0131lmas\u0131 amac\u0131yla,<br \/>\nb\u00f6ylece burada belirtilen ve ayr\u0131ca kanunlarda ki\u015fisel verilerin i\u015flenebilece\u011fi ve aktar\u0131labilece\u011fi a\u00e7\u0131k\u00e7a \u00f6ng\u00f6r\u00fclen hallerde, bilgilerin taraf\u0131nca alenile\u015ftirildi\u011fi durumlarda, her t\u00fcrl\u00fc t\u00fcketici, \u00fcyelik ve di\u011fer s\u00f6zle\u015fmelerin kurulmas\u0131 veya ifas\u0131yla do\u011frudan do\u011fruya ilgili olarak s\u00f6zle\u015fme taraflar\u0131na ait ki\u015fisel verilerin i\u015flenmesinin gerekli oldu\u011fu hallerde, keza veri sorumlusu\/i\u015fleyen olarak her t\u00fcrl\u00fc hukuki y\u00fck\u00fcml\u00fcl\u00fckleri yerine getirebilme i\u00e7in zorunlu durumlarda, ayr\u0131ca haklar\u0131n tesisi, kullan\u0131lmas\u0131 veya korunmas\u0131 i\u00e7in veri i\u015flemenin ve aktarman\u0131n zorunlu oldu\u011fu durumlar ile temel hak ve \u00f6zg\u00fcrl\u00fcklerine zarar vermemek kayd\u0131yla veri sorumlusu\/i\u015fleyen olarak burada ve yasalarda \u00f6ng\u00f6r\u00fclm\u00fc\u015f me\u015fru menfaatler i\u00e7in veri i\u015flemenin ve aktarman\u0131n zorunlu\/gerekli oldu\u011fu hallerde,<br \/>\nk\u0131smen veya tamamen otomatik olan\/olmayan toplama y\u00f6ntemleri ile (Ziyaret\u00e7ilerin \u015eirketimize ve yukar\u0131da an\u0131lan kurulu\u015flara s\u00f6zl\u00fc\/yaz\u0131l\u0131 verdikleri bilgilerden, ma\u011fazalar\u0131 ve\/veya bulunduklar\u0131 fiziki-sanal ortamlar\u0131, mobil uygulamalar\u0131 dahil olmak \u00fczere internet sitelerini ziyaretlerinden ve i\u00e7erik incelemelerinden, sosyal medya ve reklam a\u011f\u0131 i\u015fletmecilerine ait sitelerdeki \u00fcyelik ve i\u015flem bilgilerinden, \u015eirketimiz ve yukar\u0131da an\u0131lan kurulu\u015flar nezdindeki (fiziki ve sanal\/digital) \u00fcye\/kullan\u0131c\u0131 ve \u00e7a\u011fr\u0131 merkezi i\u015flemleri ile al\u0131\u015fveri\u015flere ve m\u00fc\u015fteri memnuniyetine dair \u00f6deme-tahsilat-teslimat-\u015fikayet-kampanya-anket i\u015flemleri ve bunlar\u0131n yasal mali belgeleri ile di\u011fer belgeleri-kay\u0131tlar\u0131ndan, ayr\u0131ca sabit-mobil nitelikli internet ve ileti\u015fim cihazlar\u0131n\u0131n ve\/veya mobil uygulamalar\u0131n muhtelif ortamlarda ve yerde kullan\u0131mlar\u0131nda olu\u015fan\/edinilen yaz\u0131l\u0131, s\u00f6zl\u00fc, g\u00f6rsel ve teknik verilerden) temin, devral\u0131nma, yasal azami s\u00fcreler a\u015f\u0131lmamak \u00fczere ve bilginin mahiyetine g\u00f6re i\u015flenme amac\u0131na uygun olarak \u00f6ng\u00f6r\u00fclecek s\u00fcre ile yurt tercihleri, be\u011fenileri ve ilgili yorumlar\u0131, yararlan\u0131lan\/kat\u0131l\u0131nan kampanya, yar\u0131\u015fma, anket vb.leri ile i\u00e7erikleri, fatura i\u00e7erikleri, \u00f6deme y\u00f6ntemleri, \u015fifre gibi gizli bilgiler hari\u00e7 kart ve hesap bilgileri, eski ve yeni cep\/ev\/i\u015f telefon\/faks numaralar\u0131, mail adresleri, elektronik ticari ve sair ileti\u015fimlere yakla\u015f\u0131m-aksiyonlar, \u00e7e\u015fitli ama\u00e7larla kullan\u0131lan sabit ve mobil cihaz ad(lar)\u0131, t\u00fcr\u00fc, modeli ve kodlar\u0131, tan\u0131mlama bilgileri (\u00e7erez, web taray\u0131c\u0131 i\u015faretleri-bilgisi, IP, beacon, kablolu-kablosuz a\u011f ba\u011flant\u0131 bilgisi vb), reklam tan\u0131t\u0131c\u0131s\u0131 bilgileri, sosyal medya profil ve hesap bilgileri-i\u015flemleri ile konum verilerinizden olu\u015fan ki\u015fisel bilgilerinizin toplanma y\u00f6ntemi ve hukuki sebebi, hangi ama\u00e7la i\u015flenece\u011fi ve kimlere hangi ama\u00e7la aktar\u0131labilece\u011fi hususlar\u0131nda taraf\u0131n\u0131za b\u00f6ylece bilgi verilmesinin yan\u0131s\u0131ra;<br \/>\nki\u015fisel bilgilerinizin i\u015flenip i\u015flenmedi\u011fini, i\u015flenmi\u015fse buna ili\u015fkin bilgileri, amac\u0131na uygun kullan\u0131l\u0131p kullan\u0131lmad\u0131\u011f\u0131n\u0131, yurt i\u00e7inde ve d\u0131\u015f\u0131nda aktar\u0131ld\u0131\u011f\u0131 \u00fc\u00e7\u00fcnc\u00fc ki\u015fileri \u00f6\u011frenme, bilme ve t\u00fcm bu hususlarda bilgi talep etme haklar\u0131na, keza eksik veya yanl\u0131\u015f i\u015flenmi\u015f olmalar\u0131 halinde d\u00fczeltilmesini, kanuni \u015fartlar\u0131na ve y\u00f6ntemine uygun olarak silinmesini veya yok edilmesini ve bu durumun verilerin aktar\u0131ld\u0131\u011f\u0131 \u00fc\u00e7\u00fcnc\u00fc ki\u015filere bildirilmesini isteme, ayr\u0131ca, bilgilerinizin otomatik sistemler ile analiz edilmesi sureti ile aleyhinize bir sonucun ortaya \u00e7\u0131kmas\u0131na itiraz etme ve kanuna ayk\u0131r\u0131 olarak i\u015flenmesi sebebi ile zarara u\u011framan\u0131z halinde giderilmesini talep etme haklar\u0131na sahip oldu\u011funuzu,<br \/>\nt\u00fcm bu konularda Veri Sorumlusu \u015eirketimiz SK Butik Ma\u011fazac\u0131l\u0131k &#8216;ne ba\u015fvurabilece\u011finizi bilgilerinize sunar\u0131z.<br \/>\nYukar\u0131daki hususlar ki\u015fisel verilere ili\u015fkin ayd\u0131nlatma y\u00fck\u00fcml\u00fcl\u00fc\u011f\u00fcm\u00fcz gere\u011fi bilgilerinize sunulmakla beraber, mevzuat\u0131n ilgili ki\u015fiden a\u00e7\u0131k r\u0131za al\u0131nmaks\u0131z\u0131n i\u015flenmesine (aktar\u0131mlar dahil) imkan verdi\u011fi haller d\u0131\u015f\u0131ndaki her t\u00fcrl\u00fc ki\u015fisel veri i\u015flemleri i\u00e7in izin al\u0131nd\u0131\u011f\u0131n\u0131 ve izinsiz i\u015flenme yap\u0131lmad\u0131\u011f\u0131n\u0131 bilmenizi rica ederiz.<\/p>\n<p>\u015eirketimiz ilgili mevzuat uyar\u0131nca ve ki\u015fisel veri saklama-imha politikalar\u0131nda \u00f6ng\u00f6rece\u011fi periyotlarda ki\u015fisel bilgileri k\u0131smen\/tamamen imha (silme, yok etme veya anonimle\u015ftirme) i\u015flemleri yapabilece\u011fi gibi Ziyaret\u00e7iler arzu ettikleri her zaman ve hi\u00e7bir gerek\u00e7e g\u00f6stermeksizin a\u015fa\u011f\u0131da belirtilen ileti\u015fim kanallar\u0131ndan \u015eirketimize ula\u015farak ve gereken kanuni-teknik prosed\u00fcrleri yerine getirerek ki\u015fisel veri i\u015flenmelerini ve\/veya taraflar\u0131na ticari elektronik ileti\u015fimleri durdurabilirler. Bu husustaki a\u00e7\u0131k bildirim-taleplerine g\u00f6re, ki\u015fisel veri i\u015flemleri ve\/veya belirtti\u011fi kanallar i\u00e7in taraf\u0131na ileti\u015fimler yasal azami s\u00fcre i\u00e7inde durdurulur (yasalara g\u00f6re m\u00fcmk\u00fcn-gereken veya y\u00fck\u00fcml\u00fc olunan ki\u015fisel veri i\u015flemeleri ve ileti\u015fimler devam eder). Ziyaret\u00e7i dilerse ayr\u0131ca, hukuken muhafazas\u0131 gereken ve\/veya m\u00fcmk\u00fcn olanlar haricindeki bilgileri, veri kay\u0131t sisteminden silinir ya da yok edilir veya ayn\u0131 amac\u0131 sa\u011flamak \u00fczere kimli\u011fi belirli olmayacak bi\u00e7imde anonim hale getirilir. Bu hususlardaki ba\u015fvuru ve talepler yasal azami s\u00fcreler i\u00e7inde yerine getirilecek yahut hukuki gerek\u00e7esi taraf\u0131na a\u00e7\u0131klanarak kabul edilmeyebilecektir (\u0130lgili kanuni haklar sakl\u0131d\u0131r).<\/p>\n<p>(Bilgisayar ve di\u011fer cihazlar\u0131n\u0131zdaki \u00e7erezler ve bildirimlere ili\u015fkin bilgilendirmeler, bunlar\u0131 d\u00fczenlemek i\u00e7in yapabilece\u011finiz i\u015flemler yukar\u0131da belirtilmi\u015ftir).<\/p>\n<p>\u00dc\u00e7\u00fcnc\u00fc Ki\u015filere Ait Siteler-Digital Platformlar ve Uygulamalar<\/p>\n<p>Sitemizden (mobil versiyonlar\u0131 dahil) ula\u015f\u0131lan di\u011fer sitelerde kendilerine ait gizlilik-g\u00fcvenlik politikalar\u0131, kullan\u0131m, ileti\u015fim ve ki\u015fisel veri i\u015flenme \u015fartlar\u0131 ge\u00e7erlidir; reklam, banner, i\u00e7erik g\u00f6rmek veya ba\u015fka herhangi bir ama\u00e7 ile ula\u015f\u0131lan web sitelerinden bilgi kullan\u0131mlar\u0131, keza sitelerin (ve sair digital platformlar\u0131n) etik ilkeleri, gizlilik-g\u00fcvenlik prensipleri, ki\u015fisel veri saklama ve imha politikalar\u0131, servis kalitesi, kullan\u0131m \u015fartlar\u0131, \u00e7erezleri-web i\u015faret\u00e7ileri ve benzerleri, bildirimleri-\u00f6nerileri ve di\u011fer uygulamalar\u0131 sebebi ile olu\u015fabilecek ihtilaf, maddi-manevi zarar ve kay\u0131plardan \u015eirketimiz sorumlu de\u011fildir.<\/p>\n<p>Sorumluluk<\/p>\n<p>Ziyaret\u00e7ilerin Sitemizden veya Sitemizde link verilen di\u011fer sitelerden \/ mobil uygulamalardan \/ her t\u00fcrl\u00fc bildirimlerden ve \u015eirketimize ait di\u011fer birim-mecralardan edindikleri bilgiler, taraflar\u0131na elektronik ileti\u015fimi i\u00e7inde ve d\u0131\u015f\u0131nda yaz\u0131l\u0131\/manyetik ar\u015fivlere kaydedilme, depolanma, saklanma, muhafaza, elde edilebilir hale getirilme, kullan\u0131lma, g\u00fcncellenme, de\u011fi\u015ftirilme, birle\u015ftirilme, yeniden d\u00fczenlenme, s\u0131n\u0131fland\u0131r\u0131lma, a\u00e7\u0131klanma, yukar\u0131da an\u0131lan ki\u015filer\/kurulu\u015flar itibari ile (yurt i\u00e7inde-d\u0131\u015f\u0131na) payla\u015f\u0131m, aktar\u0131m, aktar\u0131lma, transfer, imha (yok edilme, silinme veya anonimle\u015ftirme) i\u015flemleri ve kanunlara uygun sair y\u00f6ntemler ile i\u015flenebilmekte ve aktar\u0131labilmektedir (Bundan b\u00f6yle hepsini birlikte ifade etmek \u00fczere &#8220;i\u015flenme&#8221; veya &#8220;i\u015flem(e)&#8221; diye an\u0131lacakt\u0131r).<\/p>\n<p>Ziyaret\u00e7ilerin \u015eirketimize, Boyner Grubu \u015eirketleri&#8217;ne, bayileri ve her t\u00fcrl\u00fc anla\u015fmal\u0131 kurulu\u015flar\u0131na ait fiziki ve e-ticaret ma\u011fazalar\u0131-reyonlar\u0131 ile i\u00e7inde yer ald\u0131klar\u0131 yap\u0131lar\u0131-siteleri ziyaretlerine ve buralardan al\u0131\u015fveri\u015flerine dair her t\u00fcrl\u00fc ki\u015fisel olan-olmayan bilgiler de (konum verileri, incelenen \u00fcr\u00fcnler ve al\u0131\u015fveri\u015f konusu \u00fcr\u00fcn-tutar bilgileri dahil) cihazlar\u0131nda ilgili fonksiyonlar a\u00e7\u0131k ise bluetooth, beacon ve genel-\u00f6zel kablosuz a\u011f ba\u011flant\u0131lar\u0131ndan uygun teknik y\u00f6ntemler ile al\u0131nabilir, yukar\u0131daki paragrafta belirtilen \u00e7er\u00e7evede an\u0131lan kurulu\u015flarca yurt i\u00e7inde ve d\u0131\u015f\u0131nda i\u015flenebilir, aktar\u0131labilir.<\/p>\n<p>Sitemizde Tan\u0131mlama Bilgisi (\u00c7erez vb.) Uygulamas\u0131<\/p>\n<p>www.skbutik.com Sitemizde (mobil uygulamalar\u0131 dahil t\u00fcm dijital platformlar\u0131nda) muhtelif t\u00fcrde \u00e7erezler kullan\u0131lmaktad\u0131r. Bunlar oturum \u00e7erezleri, kal\u0131c\u0131 \u00e7erezler, zorunlu \u00e7erezler, i\u015flevsellik \u00e7erezleri, analiz \u00e7erezleri, ticari \u00e7erezler ve \u00fc\u00e7\u00fcnc\u00fc parti \u00e7erezleri gibi tan\u0131mlama bilgileridir.<\/p>\n<p>\u00c7erezler ziyaret edilen internet sitesinin d\u00fczg\u00fcn bir \u015fekilde \u00e7al\u0131\u015fmas\u0131n\u0131 ve geli\u015ftirilmesini, kullan\u0131c\u0131 deneyiminin ki\u015fiselle\u015ftirilmesini ve iyile\u015ftirilmesini, siteleri oturum a\u00e7madan ziyaret edebilmesini ve\/veya taraf\u0131na (duruma g\u00f6re internet taray\u0131c\u0131 ve\/veya ilgili mobil uygulama kapal\u0131 olsa dahi g\u00f6rebilece\u011fi) ticari-sosyal ama\u00e7l\u0131 bildirimler yollanmas\u0131n\u0131 ve genel olarak site kullan\u0131c\u0131lar\u0131-ziyaret\u00e7ilerine gerek ilgili sitede, gerek ba\u015fkalar\u0131na ait sitelerde (sosyal medya-a\u011flar ve online reklam a\u011flar\u0131 dahil) genel ya da \u00f6zelle\u015ftirilmi\u015f bilgilendirmeler, reklam ve tan\u0131t\u0131mlar sunulmas\u0131n\u0131-iletilmesini sa\u011flamak amac\u0131yla bilgisayarlara ve mobil cihazlara yerle\u015ftirilen k\u00fc\u00e7\u00fck veri par\u00e7ac\u0131klar\u0131d\u0131r.<\/p>\n<p>\u00c7erezler bilgisayar-cihazlarda, varsa kanuni azami s\u00fcre a\u015f\u0131lmamak kayd\u0131yla, amaca uygun bir s\u00fcre ile tutulurlar.<\/p>\n<p>Sitemizi (mobil versiyonlar\u0131 dahil) kullanan Ziyaret\u00e7iler yukar\u0131da belirtilen uygulamay\u0131, keza ilgili tan\u0131mlama bilgilerinin burada, ki\u015fisel veri mevzuat\u0131nda ve bu bilgilendirme metninin di\u011fer k\u0131s\u0131mlar\u0131nda \u00e7e\u015fitli bilgileriniz i\u00e7in \u00f6ng\u00f6r\u00fclen ama\u00e7larla ve kapsamda-\u015fartlarda i\u015flenmesini (bu \u00e7er\u00e7evede \u00fc\u00e7\u00fcnc\u00fc ki\u015filere aktar\u0131m-payla\u015f\u0131mlar\u0131 ve kullanmalar\u0131 dahil) kabul etmi\u015f say\u0131l\u0131rlar.<\/p>\n<p>Ziyaret\u00e7iler istedikleri her zaman cihazlar\u0131ndaki program ve\/veya i\u015fletim sistemi ve\/veya internet taray\u0131c\u0131s\u0131n\u0131n ayarlar\u0131ndan \u00e7erezleri d\u00fczenleyerek kald\u0131rabilirler ve\/veya an\u0131lan bildirimleri durdurabilirler (Bu takdirde Sitemizin\/ilgili cihaz\u0131n\/program\u0131n arzu edildi\u011fi gibi \u00e7al\u0131\u015fmayabilece\u011fi ve\/veya bildirim i\u00e7eriklerinden haberdar olunamayaca\u011f\u0131 bilinmelidir).<\/p>\n<p>\u0130leti\u015fimler<\/p>\n<p>Ziyaret\u00e7ilerimiz ile, yine kanunlara uygun \u015fekilde, her t\u00fcrl\u00fc \u00fcr\u00fcn ve hizmetlere ili\u015fkin tan\u0131t\u0131m, reklam, ileti\u015fim, promosyon, sat\u0131\u015f ve pazarlama amac\u0131yla, keza ma\u011faza kart\u0131, kredi kart\u0131 ve \u00fcyelik\/m\u00fc\u015fteri bilgilendirme, i\u015flem, uygulamalar\u0131 i\u00e7in \u015eirketimiz SK Butik Ma\u011fazac\u0131l\u0131k &#8216;nce SMS\/k\u0131sa mesaj, anl\u0131k bildirim, otomatik arama, bilgisayar, telefon, e-posta\/mail, faks, (cihaz\u0131n\u0131zda a\u00e7\u0131k ise) her t\u00fcrl\u00fc bildirimler, bluetooth, beacon-di\u011fer her t\u00fcrl\u00fc genel-\u00f6zel kablosuz a\u011flar ve di\u011fer elektronik ileti\u015fim ara\u00e7lar\u0131 ile sosyal, ticari ve sair elektronik ileti\u015fimler yap\u0131labilir, Ziyaret\u00e7ilere ticari elektronik iletiler g\u00f6nderilebilir.<\/p>\n<p>\u0130\u015flenen &#8211; Aktar\u0131lan Ki\u015fisel Verileriniz ve Ki\u015fisel Verilerinize Dair Kanuni Haklar\u0131n\u0131z<\/p>\n<p>De\u011ferli Ziyaret\u00e7imiz, isim, soyisim, rumuz, ya\u015f\/do\u011fum tarihi, cinsiyet, medeni durum, evlilik tarihi, \u00e7ocuk durumu, sahip olunan ula\u015f\u0131m arac\u0131, ya\u015fan\u0131lan b\u00f6lge, adres ve teslimat adresi, e\u011fitim d\u00fczeyi, meslek\/i\u015f, k\u00fclt\u00fcrel, sanatsal, sportif, tatil vs. ilgi alanlar\u0131-hobiler ve al\u0131\u015fkanl\u0131klar gibi demografik \u00fcye\/kullan\u0131c\u0131\/m\u00fc\u015fteri bilgileri, \u00f6zel-resmi kimlik, kimlik no. ve vergi bilgileri, foto\u011fraf, (g\u00fcvenlik ama\u00e7l\u0131) g\u00f6r\u00fcnt\u00fc kay\u0131tlar\u0131 ve \u00e7a\u011fr\u0131 merkezi g\u00f6r\u00fc\u015fme ses kay\u0131tlar\u0131, k\u0131yafet dahil her t\u00fcrl\u00fc \u00fcr\u00fcne ve hizmete ili\u015fkin al\u0131\u015fveri\u015f al\u0131\u015fkanl\u0131\u011f\u0131 yap\u0131lan bilgilendirme, tan\u0131t\u0131m ve reklamlar, keza her t\u00fcrl\u00fc \u00f6neriler \u00e7er\u00e7evesinde ald\u0131klar\u0131 kararlardan, bunlara g\u00f6re yapt\u0131klar\u0131 hert\u00fcrl\u00fc i\u015flem ve uygulama ile sonu\u00e7lar\u0131ndan Ziyaret\u00e7iler sorumludurlar.<\/p>\n<p>Herhangi bir Sitemiz Ziyaret\u00e7isinin hukuki\/fiili ehliyet durumunu bilemeyece\u011fimizden, \u00e7ocuklar\u0131n ve di\u011fer re\u015fit olmayan ki\u015filerin kullan\u0131mlar\u0131, bilgileri ve bunlar\u0131n i\u015flenme-i\u015flemleri hususunda sorumluluk kanuni temsilcilerine ait olup ki\u015fisel verilerine (ve duruma g\u00f6re keza ileti\u015fimlere) ili\u015fkin haklar\u0131n\u0131 da kanuni temsilcileri marifetiyle kullanabilirler.<\/p>\n<p>Al\u0131\u015fveri\u015fler ve Di\u011fer T\u00fcketici \u0130\u015flemleri<\/p>\n<p>Ziyaret\u00e7ilerin yukar\u0131da belirtilen suretler ile bilgilenmeleri ve\/veya taraflar\u0131na yap\u0131lan ileti\u015fimler, bilgilendirmeler, bildirimler, tan\u0131t\u0131m ve reklamlar neticesi bir \u00fcr\u00fcn\/hizmet sat\u0131n almas\u0131 s\u00f6z konusu olursa an\u0131lan i\u015flem ayr\u0131ca ve kanuni usul\u00fcnce ilgili sat\u0131c\u0131\/sa\u011flay\u0131c\u0131 ile yapacaklar\u0131 t\u00fcketici s\u00f6zle\u015fmesine tabidir. T\u00fcketici s\u00f6zle\u015fmesi kendi \u015fartlar\u0131nda ve taraflar\u0131 aras\u0131nda uygulan\u0131r.<\/p>\n<p>(Varsa) Sitemizden al\u0131\u015fveri\u015flerinizde, her i\u015flem s\u0131ras\u0131nda g\u00f6rece\u011finiz sipari\u015f \u00f6n bilgilendirme formu-mesafeli sat\u0131\u015f s\u00f6zle\u015fmesi \u015fartlar\u0131 ge\u00e7erli olacakt\u0131r.<\/p>\n<p>Site \u0130\u00e7eri\u011fi \u00dczerinde Haklar<\/p>\n<p>Sitemizdeki her t\u00fcrl\u00fc bilgi ve i\u00e7erik ile bunlar\u0131n d\u00fczenlenmesi, revizyonu ve k\u0131smen\/tamamen kullan\u0131m\u0131 konusunda; \u015eirketimizin anla\u015fmas\u0131na g\u00f6re di\u011fer \u00fc\u00e7\u00fcnc\u00fc sah\u0131slara ait olanlar hari\u00e7; t\u00fcm fikri-s\u0131nai haklar ve m\u00fclkiyet haklar\u0131 \u015eirketimize ve\/veya SK Butik \u015eirketleri&#8217;ne aittir.<\/p>\n<p>De\u011fi\u015fiklikler<\/p>\n<p>\u015eirketimiz gizlilik, ki\u015fisel veri saklama-kullan\u0131m ve imha politikas\u0131 ve Site kullan\u0131m \u015fartlar\u0131 gibi konularda, keza sunaca\u011f\u0131 \u00fcr\u00fcn, hizmet ve f\u0131rsatlarda, kampanya vb.lerinde gerekli g\u00f6rebilece\u011fi her t\u00fcrl\u00fc de\u011fi\u015fikli\u011fi yapma hakk\u0131n\u0131 sakl\u0131 tutar; bu de\u011fi\u015fiklikler \u015eirketimizce Siteden veya di\u011fer uygun y\u00f6ntemler ile duyuruldu\u011fu andan itibaren ge\u00e7erli olur.<\/p>\n<p>T\u00fcm bu konularda ek bilgi istemlerinizi, her t\u00fcrl\u00fc talep ve \u015fikayetlerinizi a\u015fa\u011f\u0131daki ileti\u015fim kanallar\u0131ndan ula\u015farak \u015eirketimiz SK Butik Ma\u011fazac\u0131l\u0131k bildirebilirsiniz. \u0130lgili talebin yasalar gere\u011fi belirli bir prosed\u00fcrde (usulde-zamanda-\u015fekilde) yap\u0131lmas\u0131 gereken hallerde s\u00f6z konusu prosed\u00fcre uyulmas\u0131 gerekir.<\/p>\n<p>Adres: Yenice Mah, Belediye Meydan\u0131 sk. No:22 \u0130neg\u00f6l\/Bursa\/T\u00fcrkiye, Telefon: +90\u00a0530\u00a0382\u00a029\u00a0590, skbutik.com , info@skbutik.com (\u0130nternet Adresi: www.skbutik.com)<\/p>\n<p>SK Butik Ma\u011fazac\u0131l\u0131k<\/p>\n\n\t\t<\/div>\n\t<\/div>\n<\/div><\/div><\/div><\/div>\n<\/div>","protected":false},"excerpt":{"rendered":"Gizlilik Kurallar\u0131, Site Kullan\u0131m \u015eartlar\u0131 ve \u0130leti\u015fimler ile Ki\u015fisel Verilerinize \u0130li\u015fkin Bilgilendirme (KVKK) Gizlilik Kurallar\u0131, Site Kullan\u0131m \u015eartlar\u0131 ve \u0130leti\u015fimler","protected":false},"author":1,"featured_media":0,"parent":0,"menu_order":0,"comment_status":"closed","ping_status":"closed","template":"","meta":{"footnotes":""},"class_list":["post-350","page","type-page","status-publish","hentry"],"_links":{"self":[{"href":"https:\/\/skbutik.com\/en\/wp-json\/wp\/v2\/pages\/350","targetHints":{"allow":["GET"]}}],"collection":[{"href":"https:\/\/skbutik.com\/en\/wp-json\/wp\/v2\/pages"}],"about":[{"href":"https:\/\/skbutik.com\/en\/wp-json\/wp\/v2\/types\/page"}],"author":[{"embeddable":true,"href":"https:\/\/skbutik.com\/en\/wp-json\/wp\/v2\/users\/1"}],"replies":[{"embeddable":true,"href":"https:\/\/skbutik.com\/en\/wp-json\/wp\/v2\/comments?post=350"}],"version-history":[{"count":1,"href":"https:\/\/skbutik.com\/en\/wp-json\/wp\/v2\/pages\/350\/revisions"}],"predecessor-version":[{"id":352,"href":"https:\/\/skbutik.com\/en\/wp-json\/wp\/v2\/pages\/350\/revisions\/352"}],"wp:attachment":[{"href":"https:\/\/skbutik.com\/en\/wp-json\/wp\/v2\/media?parent=350"}],"curies":[{"name":"wp","href":"https:\/\/api.w.org\/{rel}","templated":true}]}}