{"id":265,"date":"2023-09-25T11:49:12","date_gmt":"2023-09-25T11:49:12","guid":{"rendered":"https:\/\/skbutik.com\/?page_id=265"},"modified":"2023-09-25T14:06:43","modified_gmt":"2023-09-25T14:06:43","slug":"hakkimizda","status":"publish","type":"page","link":"https:\/\/skbutik.com\/en\/hakkimizda\/","title":{"rendered":"HAKKIMIZDA"},"content":{"rendered":"<div class=\"wpb-content-wrapper\"><div data-vc-full-width=\"true\" data-vc-full-width-init=\"false\" data-vc-stretch-content=\"true\" class=\"vc_row wpb_row vc_row-fluid vc_row-no-padding wd-rs-64e85fd34a46a wd-section-stretch-content-no-pd\"><div class=\"wpb_column vc_column_container vc_col-sm-12\"><div class=\"vc_column-inner\"><div class=\"wpb_wrapper\">\t\t<div class=\"promo-banner-wrapper  wd-rs-6511916029cfa\">\n\t\t\t<div id=\"wd-6511916029cfa\" class=\"promo-banner  banner- banner-hover-none color-scheme-light banner-btn-size-default banner-btn-style-default banner-increased-padding  wd-underline-colored\"\t\t\t\t\t\t\t>\n\t\t\t\t<div class=\"main-wrapp-img\">\n\t\t\t\t\t<div class=\"banner-image wd-bg-position-center\" >\n\t\t\t\t\t\t\t\t\t\t\t<\/div>\n\t\t\t\t<\/div>\n\n\t\t\t\t<div class=\"wrapper-content-banner wd-fill  wd-items-middle wd-justify-left\">\n\t\t\t\t\t<div class=\"content-banner  text-left\">\n\t\t\t\t\t\t\t\t\t\t\t\t\t\t\t\t\t\t\t<div class=\"banner-inner set-cont-mb-s reset-last-child wd-fontsize-m\">\n\t\t\t\t\t\t\t\t<p>HAKKIMIZDA<\/p>\n\t\t\t\t\t\t\t<\/div>\n\t\t\t\t\t\t\n\t\t\t\t\t\t\n\t\t\t\t\t\t\t\t\t\t\t<\/div>\n\t\t\t\t<\/div>\n\t\t\t\t\t\t\t<\/div>\n\t\t<\/div>\n\n\t\t<\/div><\/div><\/div><\/div><div class=\"vc_row-full-width vc_clearfix\"><\/div><div id=\"bizkimiz\" data-vc-full-width=\"true\" data-vc-full-width-init=\"false\" class=\"vc_row wpb_row vc_row-fluid vc_custom_1695650454487 wd-rs-6511929106f72 wd-section-stretch\"><div class=\"wpb_column vc_column_container vc_col-sm-6\"><div class=\"vc_column-inner\"><div class=\"wpb_wrapper\">\n\t\t<div id=\"wd-651193eb1f841\" class=\"title-wrapper wd-wpb set-mb-s reset-last-child  wd-rs-651193eb1f841 wd-title-color-default wd-title-style-default text-left  wd-underline-colored\">\n\t\t\t\n\t\t\t<div class=\"liner-continer\">\n\t\t\t\t<h4 class=\"woodmart-title-container title  wd-font-weight-600 wd-fontsize-l\" >Biz Kimiz?<\/h4>\n\t\t\t\t\t\t\t<\/div>\n\t\t\t\n\t\t\t\t\t\t\t<div class=\"title-after_title  set-cont-mb-s reset-last-child  wd-fontsize-xs\">SK Butik Giyim, modan\u0131n \u00f6zg\u00fcnl\u00fc\u011f\u00fcn\u00fc ve zarafetini bir araya getiren \u0130neg\u00f6l' de hizmet veren bir giyim firmas\u0131d\u0131r. 3 y\u0131ld\u0131r, m\u00fc\u015fterilerimize en \u00fcst d\u00fczeyde kalite ve tasar\u0131m sunarak gard\u0131roplar\u0131n\u0131 renklendiriyoruz. Moda d\u00fcnyas\u0131 s\u00fcrekli de\u011fi\u015fiyor ve SK Butik Giyim olarak bu de\u011fi\u015fime ayak uydurmay\u0131 seviyoruz. Her yeni koleksiyonumuz, son trendlere uygun ve zarif tasar\u0131mlar\u0131 i\u00e7erir. <\/div>\n\t\t\t\n\t\t\t\n\t\t<\/div>\n\t\t\n\t\t<\/div><\/div><\/div><div class=\"wpb_column about-img vc_column_container vc_col-sm-6 wd-rs-64f994c935434\"><div class=\"vc_column-inner\"><div class=\"wpb_wrapper\">\n\t<div  class=\"wpb_single_image wpb_content_element vc_align_right\">\n\t\t\n\t\t<figure class=\"wpb_wrapper vc_figure\">\n\t\t\t<div class=\"vc_single_image-wrapper   vc_box_border_grey\"><\/div>\n\t\t<\/figure>\n\t<\/div>\n<\/div><\/div><\/div><\/div><div class=\"vc_row-full-width vc_clearfix\"><\/div><div class=\"vc_row wpb_row vc_row-fluid\"><div class=\"wpb_column vc_column_container vc_col-sm-12\"><div class=\"vc_column-inner\"><div class=\"wpb_wrapper\">\n\t\t<div id=\"wd-651193ae0d5b2\" class=\"title-wrapper wd-wpb set-mb-s reset-last-child  wd-rs-651193ae0d5b2 wd-title-color-default wd-title-style-default text-left  wd-title-empty wd-underline-colored\">\n\t\t\t\n\t\t\t<div class=\"liner-continer\">\n\t\t\t\t<h4 class=\"woodmart-title-container title  wd-font-weight-600 wd-fontsize-l\" ><\/h4>\n\t\t\t\t\t\t\t<\/div>\n\t\t\t\n\t\t\t\t\t\t\t<div class=\"title-after_title  set-cont-mb-s reset-last-child  wd-fontsize-xs\">SK Butik Giyim ailesi olarak, m\u00fc\u015fterilerimizin beklentilerini anlamak ve onlara en iyi hizmeti sunmak i\u00e7in buraday\u0131z. Tarz\u0131n\u0131z\u0131 ifade etmenize yard\u0131mc\u0131 olacak giyim se\u00e7enekleri sunuyoruz. Sizlerle birlikte, her mevsimde ve her f\u0131rsatta \u015f\u0131k ve \u00f6zg\u00fcn g\u00f6r\u00fcnmenizi sa\u011flamak i\u00e7in \u00e7al\u0131\u015f\u0131yoruz.<br \/>\nDaha fazla bilgi almak ve \u00fcr\u00fcnlerimizi ke\u015ffetmek i\u00e7in bizi ziyaret edin veya online platformlar\u0131m\u0131z\u0131 kullan\u0131n. SK Butik Giyim olarak, gard\u0131robunuzun y\u0131ld\u0131z\u0131 olmak i\u00e7in buraday\u0131z.<\/div>\n\t\t\t\n\t\t\t\n\t\t<\/div>\n\t\t\n\t\t<\/div><\/div><\/div><\/div>\n<\/div>","protected":false},"excerpt":{"rendered":"HAKKIMIZDA Biz Kimiz? SK Butik Giyim, modan\u0131n \u00f6zg\u00fcnl\u00fc\u011f\u00fcn\u00fc ve zarafetini bir araya getiren \u0130neg\u00f6l' de hizmet veren bir giyim firmas\u0131d\u0131r.","protected":false},"author":1,"featured_media":0,"parent":0,"menu_order":0,"comment_status":"closed","ping_status":"closed","template":"","meta":{"footnotes":""},"class_list":["post-265","page","type-page","status-publish","hentry"],"_links":{"self":[{"href":"https:\/\/skbutik.com\/en\/wp-json\/wp\/v2\/pages\/265","targetHints":{"allow":["GET"]}}],"collection":[{"href":"https:\/\/skbutik.com\/en\/wp-json\/wp\/v2\/pages"}],"about":[{"href":"https:\/\/skbutik.com\/en\/wp-json\/wp\/v2\/types\/page"}],"author":[{"embeddable":true,"href":"https:\/\/skbutik.com\/en\/wp-json\/wp\/v2\/users\/1"}],"replies":[{"embeddable":true,"href":"https:\/\/skbutik.com\/en\/wp-json\/wp\/v2\/comments?post=265"}],"version-history":[{"count":28,"href":"https:\/\/skbutik.com\/en\/wp-json\/wp\/v2\/pages\/265\/revisions"}],"predecessor-version":[{"id":293,"href":"https:\/\/skbutik.com\/en\/wp-json\/wp\/v2\/pages\/265\/revisions\/293"}],"wp:attachment":[{"href":"https:\/\/skbutik.com\/en\/wp-json\/wp\/v2\/media?parent=265"}],"curies":[{"name":"wp","href":"https:\/\/api.w.org\/{rel}","templated":true}]}}