{"id":194,"date":"2023-09-23T10:44:52","date_gmt":"2023-09-23T10:44:52","guid":{"rendered":"https:\/\/skbutik.com\/?page_id=194"},"modified":"2023-09-30T07:39:33","modified_gmt":"2023-09-30T07:39:33","slug":"iletisim","status":"publish","type":"page","link":"https:\/\/skbutik.com\/en\/iletisim\/","title":{"rendered":"\u0130leti\u015fim"},"content":{"rendered":"<div class=\"wpb-content-wrapper\"><div data-vc-full-width=\"true\" data-vc-full-width-init=\"false\" data-vc-stretch-content=\"true\" class=\"vc_row wpb_row vc_row-fluid contact-header wd-rs-65116cce1b42f wd-section-stretch-content\"><div class=\"wpb_column vc_column_container vc_col-sm-12\"><div class=\"vc_column-inner\"><div class=\"wpb_wrapper\">\t\t<div class=\"promo-banner-wrapper  wd-rs-651276b89ccc7\">\n\t\t\t<div id=\"wd-651276b89ccc7\" class=\"promo-banner  banner- banner-hover-zoom color-scheme-light banner-btn-size-default banner-btn-style-default  wd-underline-colored\"\t\t\t\t\t\t\t>\n\t\t\t\t<div class=\"main-wrapp-img\">\n\t\t\t\t\t<div class=\"banner-image wd-bg-position-center\" >\n\t\t\t\t\t\t\t\t\t\t\t<\/div>\n\t\t\t\t<\/div>\n\n\t\t\t\t<div class=\"wrapper-content-banner wd-fill  wd-items-top wd-justify-left\">\n\t\t\t\t\t<div class=\"content-banner  text-left\">\n\t\t\t\t\t\t\t\t\t\t\t\t\t\t\t\t\t\t\t<div class=\"banner-inner set-cont-mb-s reset-last-child wd-fontsize-m\">\n\t\t\t\t\t\t\t\t<\/p>\n<h1 style=\"text-align: center; color: black; font-size: 40px;\">B\u0130ZE ULA\u015eIN<\/h1>\n<p>\n\t\t\t\t\t\t\t<\/div>\n\t\t\t\t\t\t\n\t\t\t\t\t\t\n\t\t\t\t\t\t\t\t\t\t\t<\/div>\n\t\t\t\t<\/div>\n\t\t\t\t\t\t\t<\/div>\n\t\t<\/div>\n\n\t\t<\/div><\/div><\/div><\/div><div class=\"vc_row-full-width vc_clearfix\"><\/div><div data-vc-full-width=\"true\" data-vc-full-width-init=\"false\" data-vc-stretch-content=\"true\" class=\"vc_row wpb_row vc_row-fluid vc_custom_1695640080189 wd-rs-65116a0cc21e4 wd-section-stretch-content\"><div class=\"wpb_column vc_column_container vc_col-sm-12 wd-enabled-flex wd-rs-6437fb5656a53\"><div class=\"vc_column-inner vc_custom_1681390432535\"><div class=\"wpb_wrapper\"><div class=\"vc_row wpb_row vc_inner vc_row-fluid\"><div class=\"wpb_column vc_column_container vc_col-sm-12\"><div class=\"vc_column-inner\"><div class=\"wpb_wrapper\">\n\t\t<div id=\"wd-6517c79a47015\" class=\"title-wrapper wd-wpb set-mb-s reset-last-child  wd-rs-6517c79a47015 wd-title-color-default wd-title-style-default text-center adres-text-baslik vc_custom_1696057258948 wd-underline-colored\">\n\t\t\t\n\t\t\t<div class=\"liner-continer\">\n\t\t\t\t<h4 class=\"woodmart-title-container title  wd-font-weight- wd-fontsize-xxl\" >MA\u011eAZA<\/h4>\n\t\t\t\t\t\t\t<\/div>\n\t\t\t\n\t\t\t\n\t\t\t\n\t\t<\/div>\n\t\t\n\t\t\t\t<div id=\"wd-6517c763050e2\" class=\"wd-text-block wd-wpb reset-last-child wd-rs-6517c763050e2 text-left color-title font-primary vc_custom_1696057203827 adres-text\">\n\t\t\t<div class=\"place-desc-large\">\n<div style=\"text-align: center;\">\n<p>&nbsp;<\/p>\n<p>YEN\u0130CE MAH, BELED\u0130YE MEYDANI SK NO:22 \u0130NEG\u00d6L\/BURSA\/TURKEY<\/p>\n<\/div>\n<\/div>\n<p><a href=\"tel:+905303822959\">+90\u00a0530\u00a0382\u00a029\u00a059<\/a><\/p>\n\t\t<\/div>\n\t\t<\/div><\/div><\/div><\/div><div class=\"vc_row wpb_row vc_inner vc_row-fluid vc_row-o-content-middle vc_row-flex wd-rs-6437fbe1a7da1\"><div class=\"wpb_column vc_column_container vc_col-sm-6 vc_col-xs-4 wd-rs-64775e546eb45\"><div class=\"vc_column-inner vc_custom_1685544568118\"><div class=\"wpb_wrapper\">\n\t<div  class=\"wpb_single_image wpb_content_element vc_align_center\">\n\t\t\n\t\t<figure class=\"wpb_wrapper vc_figure\">\n\t\t\t<div class=\"vc_single_image-wrapper   vc_box_border_grey\"><\/div>\n\t\t<\/figure>\n\t<\/div>\n<\/div><\/div><\/div><div class=\"wpb_column vc_column_container vc_col-sm-6\"><div class=\"vc_column-inner\"><div class=\"wpb_wrapper\">\n<div class=\"wpcf7 no-js\" id=\"wpcf7-f12-o1\" lang=\"tr-TR\" dir=\"ltr\" data-wpcf7-id=\"12\">\n<div class=\"screen-reader-response\"><p role=\"status\" aria-live=\"polite\" aria-atomic=\"true\"><\/p> <ul><\/ul><\/div>\n<form action=\"\/en\/wp-json\/wp\/v2\/pages\/194#wpcf7-f12-o1\" method=\"post\" class=\"wpcf7-form init\" aria-label=\"\u0130leti\u015fim Formu\" novalidate=\"novalidate\" data-status=\"init\" data-trp-original-action=\"\/en\/wp-json\/wp\/v2\/pages\/194#wpcf7-f12-o1\">\n<fieldset class=\"hidden-fields-container\"><input type=\"hidden\" name=\"_wpcf7\" value=\"12\" \/><input type=\"hidden\" name=\"_wpcf7_version\" value=\"6.1\" \/><input type=\"hidden\" name=\"_wpcf7_locale\" value=\"tr_TR\" \/><input type=\"hidden\" name=\"_wpcf7_unit_tag\" value=\"wpcf7-f12-o1\" \/><input type=\"hidden\" name=\"_wpcf7_container_post\" value=\"0\" \/><input type=\"hidden\" name=\"_wpcf7_posted_data_hash\" value=\"\" \/>\n<\/fieldset>\n<p><label> Ad\u0131n\u0131z<br \/>\n<span class=\"wpcf7-form-control-wrap\" data-name=\"your-name\"><input size=\"40\" maxlength=\"400\" class=\"wpcf7-form-control wpcf7-text wpcf7-validates-as-required\" autocomplete=\"name\" aria-required=\"true\" aria-invalid=\"false\" value=\"\" type=\"text\" name=\"your-name\" \/><\/span> <\/label>\n<\/p>\n<p><label> E-posta adresiniz<br \/>\n<span class=\"wpcf7-form-control-wrap\" data-name=\"your-email\"><input size=\"40\" maxlength=\"400\" class=\"wpcf7-form-control wpcf7-email wpcf7-validates-as-required wpcf7-text wpcf7-validates-as-email\" autocomplete=\"email\" aria-required=\"true\" aria-invalid=\"false\" value=\"\" type=\"email\" name=\"your-email\" \/><\/span> <\/label>\n<\/p>\n<p><label> Konu<br \/>\n<span class=\"wpcf7-form-control-wrap\" data-name=\"your-subject\"><input size=\"40\" maxlength=\"400\" class=\"wpcf7-form-control wpcf7-text wpcf7-validates-as-required\" aria-required=\"true\" aria-invalid=\"false\" value=\"\" type=\"text\" name=\"your-subject\" \/><\/span> <\/label>\n<\/p>\n<p><label> \u0130letiniz (tercihe ba\u011fl\u0131)<br \/>\n<span class=\"wpcf7-form-control-wrap\" data-name=\"your-message\"><textarea cols=\"40\" rows=\"10\" maxlength=\"2000\" class=\"wpcf7-form-control wpcf7-textarea\" aria-invalid=\"false\" name=\"your-message\"><\/textarea><\/span> <\/label>\n<\/p>\n<p><input class=\"wpcf7-form-control wpcf7-submit has-spinner\" type=\"submit\" value=\"G\u00f6nder\" \/>\n<\/p><div class=\"wpcf7-response-output\" aria-hidden=\"true\"><\/div>\n<input type=\"hidden\" name=\"trp-form-language\" value=\"en\"\/><\/form>\n<\/div>\n<\/div><\/div><\/div><\/div><\/div><\/div><\/div><\/div><div class=\"vc_row-full-width vc_clearfix\"><\/div><div data-vc-full-width=\"true\" data-vc-full-width-init=\"false\" data-vc-stretch-content=\"true\" class=\"vc_row wpb_row vc_row-fluid vc_custom_1695640740098 vc_row-no-padding wd-rs-65116c9ecbd32 wd-section-stretch-content-no-pd\"><div class=\"wpb_column vc_column_container vc_col-sm-12 wd-enabled-flex wd-rs-6437fb5656a53\"><div class=\"vc_column-inner vc_custom_1681390432535\"><div class=\"wpb_wrapper\"><div class=\"wpb_gmaps_widget wpb_content_element\"><div class=\"wpb_wrapper\"><div class=\"wpb_map_wraper\"><iframe src=\"https:\/\/www.google.com\/maps\/embed?pb=!1m14!1m8!1m3!1d381.6107024487975!2d29.5125842!3d40.0779634!3m2!1i1024!2i768!4f13.1!3m3!1m2!1s0x14cbc91f98f14749%3A0x1ad7ef358360e73f!2sSK%20Butik!5e0!3m2!1str!2str!4v1696056449738!5m2!1str!2str\" width=\"600\" height=\"450\" style=\"border:0;\" allowfullscreen=\"\" loading=\"lazy\" referrerpolicy=\"no-referrer-when-downgrade\"><\/iframe><\/div><\/div><\/div><\/div><\/div><\/div><\/div><div class=\"vc_row-full-width vc_clearfix\"><\/div>\n<\/div>","protected":false},"excerpt":{"rendered":"B\u0130ZE ULA\u015eIN MA\u011eAZA &nbsp; YEN\u0130CE MAH, BELED\u0130YE MEYDANI SK NO:22 \u0130NEG\u00d6L\/BURSA\/TURKEY +90\u00a0530\u00a0382\u00a029\u00a059 Ad\u0131n\u0131z E-posta adresiniz Konu \u0130letiniz (tercihe ba\u011fl\u0131)","protected":false},"author":1,"featured_media":0,"parent":0,"menu_order":0,"comment_status":"closed","ping_status":"closed","template":"","meta":{"footnotes":""},"class_list":["post-194","page","type-page","status-publish","hentry"],"_links":{"self":[{"href":"https:\/\/skbutik.com\/en\/wp-json\/wp\/v2\/pages\/194","targetHints":{"allow":["GET"]}}],"collection":[{"href":"https:\/\/skbutik.com\/en\/wp-json\/wp\/v2\/pages"}],"about":[{"href":"https:\/\/skbutik.com\/en\/wp-json\/wp\/v2\/types\/page"}],"author":[{"embeddable":true,"href":"https:\/\/skbutik.com\/en\/wp-json\/wp\/v2\/users\/1"}],"replies":[{"embeddable":true,"href":"https:\/\/skbutik.com\/en\/wp-json\/wp\/v2\/comments?post=194"}],"version-history":[{"count":85,"href":"https:\/\/skbutik.com\/en\/wp-json\/wp\/v2\/pages\/194\/revisions"}],"predecessor-version":[{"id":381,"href":"https:\/\/skbutik.com\/en\/wp-json\/wp\/v2\/pages\/194\/revisions\/381"}],"wp:attachment":[{"href":"https:\/\/skbutik.com\/en\/wp-json\/wp\/v2\/media?parent=194"}],"curies":[{"name":"wp","href":"https:\/\/api.w.org\/{rel}","templated":true}]}}